{"id":1329,"date":"2022-07-07T17:54:53","date_gmt":"2022-07-07T10:54:53","guid":{"rendered":"https:\/\/picogift.123websitedemo.com\/?page_id=1329"},"modified":"2022-07-07T17:59:54","modified_gmt":"2022-07-07T10:59:54","slug":"chinh-sach-ban-hang","status":"publish","type":"page","link":"https:\/\/picogift.com\/en\/chinh-sach-ban-hang\/","title":{"rendered":"Sales policy"},"content":{"rendered":"<div data-elementor-type=\"wp-page\" data-elementor-id=\"1329\" class=\"elementor elementor-1329\">\n\t\t\t\t\t\t\t\t\t<section class=\"elementor-section elementor-top-section elementor-element elementor-element-fe3f852 elementor-section-boxed elementor-section-height-default elementor-section-height-default\" data-id=\"fe3f852\" data-element_type=\"section\">\n\t\t\t\t\t\t<div class=\"elementor-container elementor-column-gap-default\">\n\t\t\t\t\t<div class=\"elementor-column elementor-col-100 elementor-top-column elementor-element elementor-element-ea10d7a\" data-id=\"ea10d7a\" data-element_type=\"column\">\n\t\t\t<div class=\"elementor-widget-wrap elementor-element-populated\">\n\t\t\t\t\t\t\t\t<div class=\"elementor-element elementor-element-6a5d468 elementor-widget elementor-widget-text-editor\" data-id=\"6a5d468\" data-element_type=\"widget\" data-settings=\"{&quot;ekit_we_effect_on&quot;:&quot;none&quot;}\" data-widget_type=\"text-editor.default\">\n\t\t\t\t<div class=\"elementor-widget-container\">\n\t\t\t<style>\/*! elementor - v3.6.7 - 03-07-2022 *\/\n.elementor-widget-text-editor.elementor-drop-cap-view-stacked .elementor-drop-cap{background-color:#818a91;color:#fff}.elementor-widget-text-editor.elementor-drop-cap-view-framed .elementor-drop-cap{color:#818a91;border:3px solid;background-color:transparent}.elementor-widget-text-editor:not(.elementor-drop-cap-view-default) .elementor-drop-cap{margin-top:8px}.elementor-widget-text-editor:not(.elementor-drop-cap-view-default) .elementor-drop-cap-letter{width:1em;height:1em}.elementor-widget-text-editor .elementor-drop-cap{float:left;text-align:center;line-height:1;font-size:50px}.elementor-widget-text-editor .elementor-drop-cap-letter{display:inline-block}<\/style>\t\t\t\t<p>Ch\u00e0o m\u1eebng qu\u00fd kh\u00e1ch h\u00e0ng \u0111\u1ebfn v\u1edbi Pico Gift.<\/p><p>Ch\u00fang t\u00f4i l\u00e0 C\u00f4ng ty C\u1ed5 ph\u1ea7n d\u1ecbch v\u1ee5 Pico Gift c\u00f3 \u0111\u1ecba ch\u1ec9 tr\u1ee5 s\u1edf t\u1ea1i: L\u1ea7u 3, T\u00f2a Nh\u00e0 IT Business, S\u1ed1 56 V\u00e2n C\u00f4i, Ph\u01b0\u1eddng 7, Qu\u1eadn T\u00e2n B\u00ecnh, Tp.H\u1ed3 Ch\u00ed Minh. Th\u00e0nh l\u1eadp S\u00e0n th\u01b0\u01a1ng m\u1ea1i \u0111i\u1ec7n t\u1eed (TM\u0110T) th\u00f4ng qua website www.Pico Gift v\u00e0 \u0111\u00e3 \u0111\u01b0\u1ee3c \u0111\u0103ng k\u00fd ch\u00ednh th\u1ee9c v\u1edbi B\u1ed9 C\u00f4ng Th\u01b0\u01a1ng Vi\u1ec7t Nam.<\/p><p>B\u1ea3n \u0110i\u1ec1u Kho\u1ea3n n\u00e0y ban h\u00e0nh c\u00e1c quy \u0111\u1ecbnh b\u1eaft bu\u1ed9c \u00e1p d\u1ee5ng \u0111\u1ed1i v\u1edbi c\u00e1c Th\u00e0nh vi\u00ean c\u1ed9ng \u0111\u1ed3ng mua b\u00e1n s\u1ec9, v\u1edbi m\u1ee5c \u0111\u00edch t\u1ea1o ra m\u1ed9t m\u00f4i tr\u01b0\u1eddng ho\u1ea1t \u0111\u1ed9ng mua b\u00e1n h\u00e0ng h\u00f3a, cung \u1ee9ng d\u1ecbch v\u1ee5 th\u00f4ng qua website th\u01b0\u01a1ng m\u1ea1i \u0111i\u1ec7n t\u1eed Pico Gift<\/p><p>Khi qu\u00fd kh\u00e1ch h\u00e0ng truy c\u1eadp v\u00e0o trang website c\u1ee7a ch\u00fang t\u00f4i c\u00f3 ngh\u0129a l\u00e0 qu\u00fd kh\u00e1ch \u0111\u1ed3ng \u00fd v\u1edbi c\u00e1c \u0111i\u1ec1u kho\u1ea3n n\u00e0y. Trang web c\u00f3 quy\u1ec1n thay \u0111\u1ed5i, ch\u1ec9nh s\u1eeda, th\u00eam ho\u1eb7c l\u01b0\u1ee3c b\u1ecf b\u1ea5t k\u1ef3 ph\u1ea7n n\u00e0o trong \u0110i\u1ec1u kho\u1ea3n n\u00e0y, v\u00e0o b\u1ea5t c\u1ee9 l\u00fac n\u00e0o. C\u00e1c thay \u0111\u1ed5i c\u00f3 hi\u1ec7u l\u1ef1c ngay khi \u0111\u01b0\u1ee3c \u0111\u0103ng tr\u00ean trang web m\u00e0 kh\u00f4ng c\u1ea7n th\u00f4ng b\u00e1o tr\u01b0\u1edbc. V\u00e0 khi qu\u00fd kh\u00e1ch ti\u1ebfp t\u1ee5c s\u1eed d\u1ee5ng trang web, sau khi c\u00e1c thay \u0111\u1ed5i v\u1ec1 \u0110i\u1ec1u kho\u1ea3n n\u00e0y \u0111\u01b0\u1ee3c \u0111\u0103ng t\u1ea3i,c\u00f3 ngh\u0129a l\u00e0 qu\u00fd kh\u00e1ch ch\u1ea5p nh\u1eadn v\u1edbi nh\u1eefng thay \u0111\u1ed5i \u0111\u00f3.<\/p><p>N\u1ed9i dung trong B\u1ea3n \u0110i\u1ec1u Kho\u1ea3n n\u00e0y tu\u00e2n th\u1ee7 theo h\u1ec7 th\u1ed1ng ph\u00e1p lu\u1eadt hi\u1ec7n h\u00e0nh c\u1ee7a Vi\u1ec7t Nam. Th\u00e0nh vi\u00ean khi tham gia v\u00e0o S\u00e0n ph\u1ea3i t\u1ef1 t\u00ecm hi\u1ec3u tr\u00e1ch nhi\u1ec7m ph\u00e1p l\u00fd c\u1ee7a m\u00ecnh, tu\u00e2n th\u1ee7 quy \u0111\u1ecbnh ph\u00e1p lu\u1eadt v\u00e0 cam k\u1ebft th\u1ef1c hi\u1ec7n \u0111\u00fang nh\u1eefng n\u1ed9i dung Quy ch\u1ebf c\u1ee7a S\u00e0n TM\u0110T Pico Gift<\/p><p>Qu\u00fd kh\u00e1ch h\u00e0ng vui l\u00f2ng ki\u1ec3m tra th\u01b0\u1eddng xuy\u00ean \u0111\u1ec3 c\u1eadp nh\u1eadt nh\u1eefng thay \u0111\u1ed5i c\u1ee7a ch\u00fang t\u00f4i.<\/p><p><b>H\u01b0\u1edbng d\u1eabn s\u1eed d\u1ee5ng website<br \/><\/b>Khi v\u00e0o web c\u1ee7a ch\u00fang t\u00f4i, kh\u00e1ch h\u00e0ng ph\u1ea3i \u0111\u1ea3m b\u1ea3o c\u00f3 \u0111\u1ea7y \u0111\u1ee7 h\u00e0nh vi d\u00e2n s\u1ef1 \u0111\u1ec3 th\u1ef1c hi\u1ec7n c\u00e1c giao d\u1ecbch mua b\u00e1n h\u00e0ng h\u00f3a theo quy \u0111\u1ecbnh hi\u1ec7n h\u00e0nh c\u1ee7a ph\u00e1p lu\u1eadt Vi\u1ec7t Nam.<\/p><p>Ch\u00fang t\u00f4i s\u1ebd h\u01b0\u1edbng d\u1eabn qu\u00fd kh\u00e1ch t\u1ea1o m\u1ed9t t\u00e0i kho\u1ea3n (Account) theo nhu c\u1ea7u s\u1eed d\u1ee5ng \u0111\u1ec3 kh\u00e1ch h\u00e0ng c\u00f3 th\u1ec3 mua, b\u00e1n tr\u00ean website Pico Gift trong khu\u00f4n kh\u1ed5 \u0110i\u1ec1u kho\u1ea3n v\u00e0 \u0110i\u1ec1u ki\u1ec7n s\u1eed d\u1ee5ng \u0111\u00e3 \u0111\u1ec1 ra.<\/p><p>Ng\u01b0\u1eddi Mua S\u1ec9 : \u0110\u0103ng k\u00fd t\u00e0i kho\u1ea3n Ng\u01b0\u1eddi Mua S\u1ec9 \u0111\u1ec3 mua s\u1ec9 h\u00e0ng h\u00f3a.<br \/>Nh\u00e0 cung c\u1ea5p : \u0110\u0103ng k\u00fd t\u00e0i kho\u1ea3n Nh\u00e0 cung c\u1ea5p \u0111\u1ec1 b\u00e1n s\u1ec9 h\u00e0ng h\u00f3a.<br \/>Qu\u00fd kh\u00e1ch h\u00e0ng s\u1ebd ph\u1ea3i \u0111\u0103ng k\u00fd t\u00e0i kho\u1ea3n v\u1edbi th\u00f4ng tin x\u00e1c th\u1ef1c v\u1ec1 b\u1ea3n th\u00e2n v\u00e0 ph\u1ea3i c\u1eadp nh\u1eadt n\u1ebfu c\u00f3 b\u1ea5t k\u1ef3 thay \u0111\u1ed5i n\u00e0o. M\u1ed7i ng\u01b0\u1eddi truy c\u1eadp ph\u1ea3i c\u00f3 tr\u00e1ch nhi\u1ec7m v\u1edbi m\u1eadt kh\u1ea9u, t\u00e0i kho\u1ea3n v\u00e0 ho\u1ea1t \u0111\u1ed9ng c\u1ee7a m\u00ecnh tr\u00ean web. H\u01a1n n\u1eefa, qu\u00fd kh\u00e1ch h\u00e0ng ph\u1ea3i th\u00f4ng b\u00e1o cho ch\u00fang t\u00f4i bi\u1ebft khi t\u00e0i kho\u1ea3n b\u1ecb truy c\u1eadp tr\u00e1i ph\u00e9p. Ch\u00fang t\u00f4i kh\u00f4ng ch\u1ecbu b\u1ea5t k\u1ef3 tr\u00e1ch nhi\u1ec7m n\u00e0o, d\u00f9 tr\u1ef1c ti\u1ebfp hay gi\u00e1n ti\u1ebfp, \u0111\u1ed1i v\u1edbi nh\u1eefng thi\u1ec7t h\u1ea1i ho\u1eb7c m\u1ea5t m\u00e1t g\u00e2y ra do qu\u00fd kh\u00e1ch kh\u00f4ng tu\u00e2n th\u1ee7 quy \u0111\u1ecbnh.<\/p><p>Nghi\u00eam c\u1ea5m s\u1eed d\u1ee5ng b\u1ea5t k\u1ef3 ph\u1ea7n n\u00e0o c\u1ee7a trang web n\u00e0y v\u1edbi m\u1ee5c \u0111\u00edch th\u01b0\u01a1ng m\u1ea1i ho\u1eb7c nh\u00e2n danh b\u1ea5t k\u1ef3 \u0111\u1ed1i t\u00e1c th\u1ee9 ba n\u00e0o n\u1ebfu kh\u00f4ng \u0111\u01b0\u1ee3c ch\u00fang t\u00f4i cho ph\u00e9p b\u1eb1ng v\u0103n b\u1ea3n. N\u1ebfu vi ph\u1ea1m b\u1ea5t c\u1ee9 \u0111i\u1ec1u n\u00e0o trong \u0111\u00e2y, ch\u00fang t\u00f4i s\u1ebd h\u1ee7y t\u00e0i kho\u1ea3n c\u1ee7a kh\u00e1ch m\u00e0 kh\u00f4ng c\u1ea7n b\u00e1o tr\u01b0\u1edbc.<\/p><p><b>\u00dd ki\u1ebfn c\u1ee7a kh\u00e1ch h\u00e0ng<br \/><\/b>T\u1ea5t c\u1ea3 n\u1ed9i dung trang web v\u00e0 \u00fd ki\u1ebfn g\u00f3p \u00fd, ph\u00ea b\u00ecnh c\u1ee7a qu\u00fd kh\u00e1ch \u0111\u1ec1u l\u00e0 t\u00e0i s\u1ea3n c\u1ee7a ch\u00fang t\u00f4i. N\u1ebfu ch\u00fang t\u00f4i ph\u00e1t hi\u1ec7n b\u1ea5t k\u1ef3 th\u00f4ng tin gi\u1ea3 m\u1ea1o n\u00e0o, ch\u00fang t\u00f4i s\u1ebd kh\u00f3a t\u00e0i kho\u1ea3n c\u1ee7a qu\u00fd kh\u00e1ch ngay l\u1eadp t\u1ee9c ho\u1eb7c \u00e1p d\u1ee5ng c\u00e1c bi\u1ec7n ph\u00e1p kh\u00e1c theo quy \u0111\u1ecbnh c\u1ee7a ph\u00e1p lu\u1eadt Vi\u1ec7t Nam.<\/p><p><b>\u0110\u01a1n h\u00e0ng v\u00e0 gi\u00e1 c\u1ea3<br \/><\/b>Ch\u1ec9 k\u1ebft n\u1ed1i qua Pico Gift, c\u00f2n l\u1ea1i vi\u1ec7c t\u1ea1o \u0111\u01a1n h\u00e0ng, x\u1eed l\u00fd \u0111\u01a1n h\u00e0ng \u0111\u1ec1u do ng\u01b0\u1eddi mua, ng\u01b0\u1eddi b\u00e1n t\u1ef1 th\u1ef1c hi\u1ec7n trao \u0111\u1ed5i v\u1edbi nhau b\u1eb1ng b\u1ea5t k\u1ef3 h\u00ecnh th\u1ee9c n\u00e0o. Pico Gift kh\u00f4ng tham gia hay qu\u1ea3n l\u00fd b\u1ea5t k\u1ef3 giao d\u1ecbch n\u00e0o c\u1ee7a ng\u01b0\u1eddi mua v\u00e0 ng\u01b0\u1eddi b\u00e1n.<\/p><p>Trong qu\u00e1 tr\u00ecnh giao d\u1ecbch, qu\u00fd kh\u00e1ch c\u00f3 quy\u1ec1n th\u1ecfa thu\u1eadn gi\u00e1 ho\u1eb7c t\u1eeb ch\u1ed1i c\u00e1c \u0111i\u1ec1u kho\u1ea3n r\u00e0ng bu\u1ed9c, ch\u00ednh s\u00e1ch mua b\u00e1n gi\u1eefa hai b\u00ean. Ng\u01b0\u1eddi mua s\u1ec9 n\u00ean cung c\u1ea5p c\u1ee5 th\u1ec3 v\u1ec1 s\u1ed1 \u0111i\u1ec7n tho\u1ea1i v\u00e0 \u0111\u1ecba ch\u1ec9 tr\u01b0\u1edbc khi mua h\u00e0ng. Ch\u00fang t\u00f4i kh\u00f4ng c\u00f3 tr\u00e1ch nhi\u1ec7m x\u1eed l\u00fd v\u00e0 gi\u1ea3i quy\u1ebft c\u00e1c y\u00eau c\u1ea7u, khi\u1ebfu n\u1ea1i ph\u00e1t sinh.<\/p><p>T\u00f9y theo t\u1eebng tr\u01b0\u1eddng h\u1ee3p c\u1ee5 th\u1ec3 ch\u00fang t\u00f4i s\u1ebd ch\u1ee7 \u0111\u1ed9ng nh\u1eafc nh\u1edf ho\u1eb7c x\u00f3a s\u1ea3n ph\u1ea9m \u0111\u0103ng b\u00e1n.<\/p><p>Ch\u00fang t\u00f4i c\u0169ng c\u00f3 quy\u1ec1n t\u1ea1m kh\u00f3a ho\u1eb7c kh\u00f3a v\u0129nh vi\u1ec5n b\u1ea5t k\u1ef3 t\u00e0i kho\u1ea3n n\u00e0o vi ph\u1ea1m d\u00f9 ch\u01b0a hay \u0111\u00e3 k\u00fd h\u1ee3p \u0111\u1ed3ng h\u1ee3p t\u00e1c v\u1edbi Pico Gift.<\/p><p>Thay \u0111\u1ed5i ho\u1eb7c h\u1ee7y b\u1ecf \u0111\u01a1n h\u00e0ng<br \/>Trong m\u1ecdi tr\u01b0\u1eddng h\u1ee3p ph\u00e1t sinh \u0111\u01a1n h\u00e0ng, Pico Gift kh\u00f4ng c\u00f3 tr\u00e1ch nhi\u1ec7m h\u1ed7 tr\u1ee3 x\u1eed l\u00fd.<\/p><p><b>Th\u01b0\u01a1ng hi\u1ec7u v\u00e0 b\u1ea3n quy\u1ec1n<br \/><\/b>M\u1ecdi quy\u1ec1n s\u1edf h\u1eefu tr\u00ed tu\u1ec7 (\u0111\u00e3 \u0111\u0103ng k\u00fd ho\u1eb7c ch\u01b0a \u0111\u0103ng k\u00fd), n\u1ed9i dung th\u00f4ng tin v\u00e0 t\u1ea5t c\u1ea3 c\u00e1c thi\u1ebft k\u1ebf, v\u0103n b\u1ea3n, \u0111\u1ed3 h\u1ecda, ph\u1ea7n m\u1ec1m, h\u00ecnh \u1ea3nh, video, \u00e2m nh\u1ea1c, \u00e2m thanh, bi\u00ean d\u1ecbch ph\u1ea7n m\u1ec1m, m\u00e3 ngu\u1ed3n v\u00e0 ph\u1ea7n m\u1ec1m c\u01a1 b\u1ea3n \u0111\u1ec1u l\u00e0 t\u00e0i s\u1ea3n c\u1ee7a ch\u00fang t\u00f4i. To\u00e0n b\u1ed9 n\u1ed9i dung c\u1ee7a trang web \u0111\u01b0\u1ee3c b\u1ea3o v\u1ec7 b\u1edfi lu\u1eadt b\u1ea3n quy\u1ec1n c\u1ee7a Vi\u1ec7t Nam v\u00e0 c\u00e1c c\u00f4ng \u01b0\u1edbc qu\u1ed1c t\u1ebf. B\u1ea3n quy\u1ec1n \u0111\u00e3 \u0111\u01b0\u1ee3c b\u1ea3o l\u01b0u.<\/p><p><b>Quy\u1ec1n ph\u00e1p l\u00fd<br \/><\/b>C\u00e1c \u0111i\u1ec1u ki\u1ec7n, \u0111i\u1ec1u kho\u1ea3n v\u00e0 n\u1ed9i dung c\u1ee7a trang web n\u00e0y \u0111\u01b0\u1ee3c \u0111i\u1ec1u ch\u1ec9nh b\u1edfi lu\u1eadt ph\u00e1p Vi\u1ec7t Nam v\u00e0 T\u00f2a \u00e1n c\u00f3 th\u1ea9m quy\u1ec1n t\u1ea1i Vi\u1ec7t Nam s\u1ebd gi\u1ea3i quy\u1ebft b\u1ea5t k\u1ef3 tranh ch\u1ea5p n\u00e0o ph\u00e1t sinh t\u1eeb vi\u1ec7c s\u1eed d\u1ee5ng tr\u00e1i ph\u00e9p trang web n\u00e0y.<\/p><p><b>Quy \u0111\u1ecbnh v\u1ec1 b\u1ea3o m\u1eadt<br \/><\/b>Trang web c\u1ee7a ch\u00fang t\u00f4i coi tr\u1ecdng vi\u1ec7c b\u1ea3o m\u1eadt th\u00f4ng tin v\u00e0 s\u1eed d\u1ee5ng c\u00e1c bi\u1ec7n ph\u00e1p t\u1ed1t nh\u1ea5t b\u1ea3o v\u1ec7 th\u00f4ng tin c\u1ee7a qu\u00fd kh\u00e1ch. Th\u00f4ng tin t\u00e0i kho\u1ea3n c\u1ee7a qu\u00fd kh\u00e1ch trong qu\u00e1 tr\u00ecnh s\u1eed d\u1ee5ng s\u1ebd \u0111\u01b0\u1ee3c x\u00e1c th\u1ef1c qua s\u1ed1 \u0111i\u1ec7n tho\u1ea1i c\u00e1 nh\u00e2n. B\u1ea5t c\u1ee9 y\u00eau c\u1ea7u ho\u1eb7c thay \u0111\u1ed5i n\u00e0o \u0111\u1ec1u th\u00f4ng b\u00e1o v\u1ec1 email v\u00e0 s\u1ed1 \u0111i\u1ec7n tho\u1ea1i \u0111\u0103ng k\u00fd.<\/p><p>Qu\u00fd kh\u00e1ch kh\u00f4ng \u0111\u01b0\u1ee3c s\u1eed d\u1ee5ng b\u1ea5t k\u1ef3 ch\u01b0\u01a1ng tr\u00ecnh, c\u00f4ng c\u1ee5 hay h\u00ecnh th\u1ee9c n\u00e0o kh\u00e1c \u0111\u1ec3 can thi\u1ec7p v\u00e0o h\u1ec7 th\u1ed1ng hay l\u00e0m thay \u0111\u1ed5i c\u1ea5u tr\u00fac d\u1eef li\u1ec7u. Trang web c\u0169ng nghi\u00eam c\u1ea5m vi\u1ec7c ph\u00e1t t\u00e1n, truy\u1ec1n b\u00e1 hay c\u1ed5 v\u0169 cho b\u1ea5t k\u1ef3 ho\u1ea1t \u0111\u1ed9ng n\u00e0o nh\u1eb1m can thi\u1ec7p, ph\u00e1 ho\u1ea1i hay x\u00e2m nh\u1eadp v\u00e0o d\u1eef li\u1ec7u c\u1ee7a h\u1ec7 th\u1ed1ng. C\u00e1 nh\u00e2n hay t\u1ed5 ch\u1ee9c vi ph\u1ea1m s\u1ebd b\u1ecb t\u01b0\u1edbc b\u1ecf m\u1ecdi quy\u1ec1n l\u1ee3i c\u0169ng nh\u01b0 s\u1ebd b\u1ecb truy t\u1ed1 tr\u01b0\u1edbc ph\u00e1p lu\u1eadt n\u1ebfu c\u1ea7n thi\u1ebft.<\/p><p>M\u1ecdi th\u00f4ng tin t\u00e0i kho\u1ea3n s\u1ebd \u0111\u01b0\u1ee3c b\u1ea3o m\u1eadt ngo\u1ea1i tr\u1eeb trong tr\u01b0\u1eddng h\u1ee3p c\u01a1 quan ph\u00e1p lu\u1eadt ho\u1eb7c ch\u1ee7 t\u00e0i kho\u1ea3n y\u00eau c\u1ea7u.<\/p><p><b>Quy \u0111\u1ecbnh v\u1ec1 thanh to\u00e1n<br \/><\/b>Pico Gift kh\u00f4ng th\u1ef1c hi\u1ec7n giao d\u1ecbch c\u0169ng nh\u01b0 kh\u00f4ng can thi\u1ec7p v\u00e0o qu\u00e1 tr\u00ecnh mua b\u00e1n h\u00e0ng h\u00f3a c\u1ee7a ng\u01b0\u1eddi mua s\u1ec9 v\u00e0 Nh\u00e0 cung c\u1ea5p. V\u00ec v\u1eady n\u00ean Pico Gift kh\u00f4ng nh\u1eadn b\u1ea5t k\u1ef3 kho\u1ea3n thanh to\u00e1n giao d\u1ecbch n\u00e0o ph\u00e1t sinh.<\/p><p>Trong qu\u00e1 tr\u00ecnh giao d\u1ecbch, Ng\u01b0\u1eddi mua s\u1ec9 c\u00f3 th\u1ec3 tham kh\u1ea3o c\u00e1c ph\u01b0\u01a1ng th\u1ee9c thanh to\u00e1n, h\u00ecnh th\u1ee9c giao nh\u1eadn ph\u00f9 h\u1ee3p \u0111\u1ec3 ho\u00e0n th\u00e0nh vi\u1ec7c mua b\u00e1n v\u00e0 gi\u1ea3m thi\u1ec3u r\u1ee7i ro tr\u1ef1c ti\u1ebfp v\u1edbi Nh\u00e0 cung c\u1ea5p.<\/p><p>\u0110\u1ed1i v\u1edbi kh\u00e1ch h\u00e0ng s\u1eed d\u1ee5ng c\u00e1c g\u00f3i d\u1ecbch v\u1ee5 c\u1ee7a Pico Gift th\u00ec tu\u00e2n th\u1ee7 theo ch\u00ednh s\u00e1ch thanh to\u00e1n c\u1ee7a c\u00f4ng ty C\u1ed5 Ph\u1ea7n D\u1ecbch V\u1ee5 Pico Gift.<\/p><p><b>Gi\u1ea3i quy\u1ebft tranh ch\u1ea5p<br \/><\/b>B\u1ea5t k\u1ef3 tranh c\u00e3i, khi\u1ebfu n\u1ea1i ho\u1eb7c tranh ch\u1ea5p ph\u00e1t sinh t\u1eeb ho\u1eb7c li\u00ean quan \u0111\u1ebfn kh\u00e1ch h\u00e0ng c\u1ee7a Pico Gift ho\u1eb7c c\u00e1c Quy \u0111\u1ecbnh v\u00e0 \u0110i\u1ec1u ki\u1ec7n n\u00e0y \u0111\u1ec1u s\u1ebd \u0111\u01b0\u1ee3c gi\u1ea3i quy\u1ebft b\u1eb1ng h\u00ecnh th\u1ee9c th\u01b0\u01a1ng l\u01b0\u1ee3ng, h\u00f2a gi\u1ea3i, tr\u1ecdng t\u00e0i v\u00e0\/ho\u1eb7c T\u00f2a \u00e1n theo Lu\u1eadt b\u1ea3o v\u1ec7 Ng\u01b0\u1eddi ti\u00eau d\u00f9ng Ch\u01b0\u01a1ng 4 v\u1ec1 Gi\u1ea3i quy\u1ebft tranh ch\u1ea5p gi\u1eefa ng\u01b0\u1eddi ti\u00eau d\u00f9ng v\u00e0 t\u1ed5 ch\u1ee9c, c\u00e1 nh\u00e2n kinh doanh h\u00e0ng h\u00f3a, d\u1ecbch v\u1ee5.<\/p><p><b>Lu\u1eadt ph\u00e1p v\u00e0 th\u1ea9m quy\u1ec1n t\u1ea1i L\u00e3nh th\u1ed5 Vi\u1ec7t Nam<br \/><\/b>T\u1ea5t c\u1ea3 c\u00e1c \u0110i\u1ec1u Kho\u1ea3n, \u0110i\u1ec1u Ki\u1ec7n n\u00e0y v\u00e0 H\u1ee3p \u0110\u1ed3ng (v\u00e0 t\u1ea5t c\u1ea3 ngh\u0129a v\u1ee5 ph\u00e1t sinh ngo\u00e0i h\u1ee3p \u0111\u1ed3ng ho\u1eb7c c\u00f3 li\u00ean quan) s\u1ebd b\u1ecb chi ph\u1ed1i v\u00e0 \u0111\u01b0\u1ee3c hi\u1ec3u theo lu\u1eadt ph\u00e1p c\u1ee7a Vi\u1ec7t Nam. N\u1ebfu c\u00f3 tranh ch\u1ea5p ph\u00e1t sinh b\u1edfi c\u00e1c Quy \u0111\u1ecbnh S\u1eed d\u1ee5ng n\u00e0y, qu\u00fd kh\u00e1ch h\u00e0ng c\u00f3 quy\u1ec1n g\u1eedi khi\u1ebfu n\u1ea1i\/khi\u1ebfu ki\u1ec7n l\u00ean T\u00f2a \u00e1n c\u00f3 th\u1ea9m quy\u1ec1n t\u1ea1i Vi\u1ec7t Nam \u0111\u1ec3 gi\u1ea3i quy\u1ebft.<\/p><p>T\u1ef1 mua b\u00e1n, giao d\u1ecbch tr\u1ef1c ti\u1ebfp v\u1edbi nhau th\u00ec t\u1ef1 x\u1eed l\u00fd, c\u00e1i Pico Gift cung c\u1ea5p ch\u1ec9 l\u00e0 c\u00f4ng c\u1ee5 \u0111\u1ec3 d\u1ec5 qu\u1ea3n l\u00fd, ch\u1ee9 kh\u00f4ng c\u00f3 tr\u00e1ch nhi\u1ec7m g\u00ec \u1edf \u0111\u00e2y. Th\u00e0nh ra c\u00e1c tr\u1ea1ng th\u00e1i giao d\u1ecbch nh\u01b0 hu\u1ef7, \u0111\u1eb7t h\u00e0ng, th\u00e0nh c\u00f4ng hay kh\u00f4ng Pico Gift ph\u1ea3i r\u00f5 r\u00e0ng l\u00e0 kh\u00f4ng quan t\u00e2m, kh\u00f4ng ch\u1ecbu tr\u00e1ch nhi\u1ec7m.<\/p>\t\t\t\t\t\t<\/div>\n\t\t\t\t<\/div>\n\t\t\t\t\t<\/div>\n\t\t<\/div>\n\t\t\t\t\t\t\t<\/div>\n\t\t<\/section>\n\t\t\t\t\t\t\t<\/div>","protected":false},"excerpt":{"rendered":"<p>Ch\u00e0o m\u1eebng qu\u00fd kh\u00e1ch h\u00e0ng \u0111\u1ebfn v\u1edbi Pico Gift. Ch\u00fang t\u00f4i l\u00e0 C\u00f4ng ty C\u1ed5 ph\u1ea7n d\u1ecbch v\u1ee5 Pico Gift c\u00f3 \u0111\u1ecba ch\u1ec9 tr\u1ee5 s\u1edf t\u1ea1i: L\u1ea7u 3, T\u00f2a Nh\u00e0 IT Business, S\u1ed1 56 V\u00e2n C\u00f4i, Ph\u01b0\u1eddng 7, Qu\u1eadn T\u00e2n B\u00ecnh, Tp.H\u1ed3 Ch\u00ed Minh. Th\u00e0nh l\u1eadp S\u00e0n th\u01b0\u01a1ng m\u1ea1i \u0111i\u1ec7n t\u1eed (TM\u0110T) th\u00f4ng qua website [&hellip;]<\/p>","protected":false},"author":1,"featured_media":0,"parent":0,"menu_order":0,"comment_status":"closed","ping_status":"closed","template":"elementor_header_footer","meta":[],"yoast_head":"<!-- This site is optimized with the Yoast SEO Premium plugin v15.5 - https:\/\/yoast.com\/wordpress\/plugins\/seo\/ -->\n<title>Ch\u00ednh s\u00e1ch b\u00e1n h\u00e0ng - Pico Gift<\/title>\n<meta name=\"robots\" content=\"index, follow, max-snippet:-1, max-image-preview:large, max-video-preview:-1\" \/>\n<link rel=\"canonical\" href=\"https:\/\/picogift.com\/en\/chinh-sach-ban-hang\/\" \/>\n<meta property=\"og:locale\" content=\"en_US\" \/>\n<meta property=\"og:type\" content=\"article\" \/>\n<meta property=\"og:title\" content=\"Ch\u00ednh s\u00e1ch b\u00e1n h\u00e0ng - Pico Gift\" \/>\n<meta property=\"og:description\" content=\"Ch\u00e0o m\u1eebng qu\u00fd kh\u00e1ch h\u00e0ng \u0111\u1ebfn v\u1edbi Pico Gift. Ch\u00fang t\u00f4i l\u00e0 C\u00f4ng ty C\u1ed5 ph\u1ea7n d\u1ecbch v\u1ee5 Pico Gift c\u00f3 \u0111\u1ecba ch\u1ec9 tr\u1ee5 s\u1edf t\u1ea1i: L\u1ea7u 3, T\u00f2a Nh\u00e0 IT Business, S\u1ed1 56 V\u00e2n C\u00f4i, Ph\u01b0\u1eddng 7, Qu\u1eadn T\u00e2n B\u00ecnh, Tp.H\u1ed3 Ch\u00ed Minh. Th\u00e0nh l\u1eadp S\u00e0n th\u01b0\u01a1ng m\u1ea1i \u0111i\u1ec7n t\u1eed (TM\u0110T) th\u00f4ng qua website [&hellip;]\" \/>\n<meta property=\"og:url\" content=\"https:\/\/picogift.com\/en\/chinh-sach-ban-hang\/\" \/>\n<meta property=\"og:site_name\" content=\"Pico Gift\" \/>\n<meta property=\"article:publisher\" content=\"https:\/\/www.facebook.com\/Quatangpicogift\/\" \/>\n<meta property=\"article:modified_time\" content=\"2022-07-07T10:59:54+00:00\" \/>\n<meta name=\"twitter:card\" content=\"summary_large_image\" \/>\n<meta name=\"twitter:label1\" content=\"Est. reading time\">\n\t<meta name=\"twitter:data1\" content=\"9 minutes\">\n<script type=\"application\/ld+json\" class=\"yoast-schema-graph\">{\"@context\":\"https:\/\/schema.org\",\"@graph\":[{\"@type\":\"Organization\",\"@id\":\"https:\/\/picogift.com\/#organization\",\"name\":\"Pico Gift\",\"url\":\"https:\/\/picogift.com\/\",\"sameAs\":[\"https:\/\/www.facebook.com\/Quatangpicogift\/\"],\"logo\":{\"@type\":\"ImageObject\",\"@id\":\"https:\/\/picogift.com\/#logo\",\"inLanguage\":\"en-US\",\"url\":\"https:\/\/picogift.com\/wp-content\/uploads\/2022\/07\/0-pico-gift-logo.png\",\"width\":513,\"height\":512,\"caption\":\"Pico Gift\"},\"image\":{\"@id\":\"https:\/\/picogift.com\/#logo\"}},{\"@type\":\"WebSite\",\"@id\":\"https:\/\/picogift.com\/#website\",\"url\":\"https:\/\/picogift.com\/\",\"name\":\"Pico Gift\",\"description\":\"Gi\\u1ea3i Ph\\u00e1p Qu\\u00e0 T\\u1eb7ng Cho Doanh Nghi\\u1ec7p\",\"publisher\":{\"@id\":\"https:\/\/picogift.com\/#organization\"},\"potentialAction\":[{\"@type\":\"SearchAction\",\"target\":\"https:\/\/picogift.com\/?s={search_term_string}\",\"query-input\":\"required name=search_term_string\"}],\"inLanguage\":\"en-US\"},{\"@type\":\"WebPage\",\"@id\":\"https:\/\/picogift.com\/chinh-sach-ban-hang\/#webpage\",\"url\":\"https:\/\/picogift.com\/chinh-sach-ban-hang\/\",\"name\":\"Ch\\u00ednh s\\u00e1ch b\\u00e1n h\\u00e0ng - Pico Gift\",\"isPartOf\":{\"@id\":\"https:\/\/picogift.com\/#website\"},\"datePublished\":\"2022-07-07T10:54:53+00:00\",\"dateModified\":\"2022-07-07T10:59:54+00:00\",\"inLanguage\":\"en-US\",\"potentialAction\":[{\"@type\":\"ReadAction\",\"target\":[\"https:\/\/picogift.com\/chinh-sach-ban-hang\/\"]}]}]}<\/script>\n<!-- \/ Yoast SEO Premium plugin. -->","_links":{"self":[{"href":"https:\/\/picogift.com\/en\/wp-json\/wp\/v2\/pages\/1329"}],"collection":[{"href":"https:\/\/picogift.com\/en\/wp-json\/wp\/v2\/pages"}],"about":[{"href":"https:\/\/picogift.com\/en\/wp-json\/wp\/v2\/types\/page"}],"author":[{"embeddable":true,"href":"https:\/\/picogift.com\/en\/wp-json\/wp\/v2\/users\/1"}],"replies":[{"embeddable":true,"href":"https:\/\/picogift.com\/en\/wp-json\/wp\/v2\/comments?post=1329"}],"version-history":[{"count":0,"href":"https:\/\/picogift.com\/en\/wp-json\/wp\/v2\/pages\/1329\/revisions"}],"wp:attachment":[{"href":"https:\/\/picogift.com\/en\/wp-json\/wp\/v2\/media?parent=1329"}],"curies":[{"name":"wp","href":"https:\/\/api.w.org\/{rel}","templated":true}]}}