{"id":434,"date":"2022-07-05T09:40:40","date_gmt":"2022-07-05T02:40:40","guid":{"rendered":"https:\/\/picogift.123websitedemo.com\/?page_id=434"},"modified":"2025-12-11T03:03:37","modified_gmt":"2025-12-10T20:03:37","slug":"ve-chung-toi","status":"publish","type":"page","link":"https:\/\/picogift.com\/en\/ve-chung-toi\/","title":{"rendered":"About us"},"content":{"rendered":"<div data-elementor-type=\"wp-page\" data-elementor-id=\"434\" class=\"elementor elementor-434\">\n\t\t\t\t\t\t\t\t\t<section class=\"elementor-section elementor-top-section elementor-element elementor-element-7068be7 elementor-section-boxed elementor-section-height-default elementor-section-height-default\" data-id=\"7068be7\" data-element_type=\"section\">\n\t\t\t\t\t\t<div class=\"elementor-container elementor-column-gap-default\">\n\t\t\t\t\t<div class=\"elementor-column elementor-col-100 elementor-top-column elementor-element elementor-element-7d2724c\" data-id=\"7d2724c\" data-element_type=\"column\">\n\t\t\t<div class=\"elementor-widget-wrap elementor-element-populated\">\n\t\t\t\t\t\t\t\t<div class=\"elementor-element elementor-element-52eceec elementor-hidden-tablet elementor-hidden-mobile elementor-invisible elementor-widget elementor-widget-image\" data-id=\"52eceec\" data-element_type=\"widget\" data-settings=\"{&quot;_animation&quot;:&quot;fadeInUp&quot;,&quot;ekit_we_effect_on&quot;:&quot;none&quot;}\" data-widget_type=\"image.default\">\n\t\t\t\t<div class=\"elementor-widget-container\">\n\t\t\t<style>\/*! elementor - v3.6.7 - 03-07-2022 *\/\n.elementor-widget-image{text-align:center}.elementor-widget-image a{display:inline-block}.elementor-widget-image a img[src$=\".svg\"]{width:48px}.elementor-widget-image img{vertical-align:middle;display:inline-block}<\/style>\t\t\t\t\t\t\t\t\t\t\t\t<img decoding=\"async\" width=\"206\" height=\"246\" src=\"https:\/\/picogift.com\/wp-content\/uploads\/2022\/07\/0-PICO-GIFT-LOGO-FINAL-CHOT-whitebg.png\" class=\"attachment-full size-full\" alt=\"\" loading=\"lazy\" \/>\t\t\t\t\t\t\t\t\t\t\t\t\t\t\t<\/div>\n\t\t\t\t<\/div>\n\t\t\t\t<div class=\"elementor-element elementor-element-2653928 elementor-invisible elementor-widget elementor-widget-heading\" data-id=\"2653928\" data-element_type=\"widget\" data-settings=\"{&quot;_animation&quot;:&quot;fadeInUp&quot;,&quot;ekit_we_effect_on&quot;:&quot;none&quot;}\" data-widget_type=\"heading.default\">\n\t\t\t\t<div class=\"elementor-widget-container\">\n\t\t\t<style>\/*! elementor - v3.6.7 - 03-07-2022 *\/\n.elementor-heading-title{padding:0;margin:0;line-height:1}.elementor-widget-heading .elementor-heading-title[class*=elementor-size-]>a{color:inherit;font-size:inherit;line-height:inherit}.elementor-widget-heading .elementor-heading-title.elementor-size-small{font-size:15px}.elementor-widget-heading .elementor-heading-title.elementor-size-medium{font-size:19px}.elementor-widget-heading .elementor-heading-title.elementor-size-large{font-size:29px}.elementor-widget-heading .elementor-heading-title.elementor-size-xl{font-size:39px}.elementor-widget-heading .elementor-heading-title.elementor-size-xxl{font-size:59px}<\/style><h1 class=\"elementor-heading-title elementor-size-default\">V\u1ec1 Pico Gift<\/h1>\t\t<\/div>\n\t\t\t\t<\/div>\n\t\t\t\t\t<\/div>\n\t\t<\/div>\n\t\t\t\t\t\t\t<\/div>\n\t\t<\/section>\n\t\t\t\t<section class=\"elementor-section elementor-top-section elementor-element elementor-element-82dd516 elementor-section-content-middle elementor-section-boxed elementor-section-height-default elementor-section-height-default\" data-id=\"82dd516\" data-element_type=\"section\">\n\t\t\t\t\t\t<div class=\"elementor-container elementor-column-gap-default\">\n\t\t\t\t\t<div class=\"elementor-column elementor-col-50 elementor-top-column elementor-element elementor-element-1d940b0 animated-slow elementor-invisible\" data-id=\"1d940b0\" data-element_type=\"column\" data-settings=\"{&quot;animation&quot;:&quot;fadeInLeft&quot;}\">\n\t\t\t<div class=\"elementor-widget-wrap elementor-element-populated\">\n\t\t\t\t\t\t\t\t<div class=\"elementor-element elementor-element-29cc583 elementor-widget elementor-widget-image\" data-id=\"29cc583\" data-element_type=\"widget\" data-settings=\"{&quot;motion_fx_motion_fx_scrolling&quot;:&quot;yes&quot;,&quot;ekit_we_effect_on&quot;:&quot;none&quot;,&quot;motion_fx_devices&quot;:[&quot;desktop&quot;,&quot;tablet&quot;,&quot;mobile&quot;]}\" data-widget_type=\"image.default\">\n\t\t\t\t<div class=\"elementor-widget-container\">\n\t\t\t\t\t\t\t\t\t\t\t\t\t\t\t<img decoding=\"async\" width=\"768\" height=\"900\" src=\"https:\/\/picogift.com\/wp-content\/uploads\/2025\/12\/HOP-SON-MAI-DEN-1-DESIGN-NGUA-768x900.png\" class=\"attachment-medium_large size-medium_large\" alt=\"\" loading=\"lazy\" srcset=\"https:\/\/picogift.com\/wp-content\/uploads\/2025\/12\/HOP-SON-MAI-DEN-1-DESIGN-NGUA-768x900.png 768w, https:\/\/picogift.com\/wp-content\/uploads\/2025\/12\/HOP-SON-MAI-DEN-1-DESIGN-NGUA-256x300.png 256w, https:\/\/picogift.com\/wp-content\/uploads\/2025\/12\/HOP-SON-MAI-DEN-1-DESIGN-NGUA-874x1024.png 874w, https:\/\/picogift.com\/wp-content\/uploads\/2025\/12\/HOP-SON-MAI-DEN-1-DESIGN-NGUA-1310x1536.png 1310w, https:\/\/picogift.com\/wp-content\/uploads\/2025\/12\/HOP-SON-MAI-DEN-1-DESIGN-NGUA-10x12.png 10w, https:\/\/picogift.com\/wp-content\/uploads\/2025\/12\/HOP-SON-MAI-DEN-1-DESIGN-NGUA-600x703.png 600w, https:\/\/picogift.com\/wp-content\/uploads\/2025\/12\/HOP-SON-MAI-DEN-1-DESIGN-NGUA.png 1638w\" sizes=\"(max-width: 768px) 100vw, 768px\" \/>\t\t\t\t\t\t\t\t\t\t\t\t\t\t\t<\/div>\n\t\t\t\t<\/div>\n\t\t\t\t<div class=\"elementor-element elementor-element-1cb41e6 elementor-widget__width-initial elementor-absolute elementor-widget elementor-widget-spacer\" data-id=\"1cb41e6\" data-element_type=\"widget\" data-settings=\"{&quot;_position&quot;:&quot;absolute&quot;,&quot;ekit_we_effect_on&quot;:&quot;none&quot;}\" data-widget_type=\"spacer.default\">\n\t\t\t\t<div class=\"elementor-widget-container\">\n\t\t\t<style>\/*! elementor - v3.6.7 - 03-07-2022 *\/\n.e-container.e-container--row .elementor-spacer-inner{width:var(--spacer-size)}.e-container.e-container--column .elementor-spacer-inner,.elementor-column .elementor-spacer-inner{height:var(--spacer-size)}<\/style>\t\t<div class=\"elementor-spacer\">\n\t\t\t<div class=\"elementor-spacer-inner\"><\/div>\n\t\t<\/div>\n\t\t\t\t<\/div>\n\t\t\t\t<\/div>\n\t\t\t\t\t<\/div>\n\t\t<\/div>\n\t\t\t\t<div class=\"elementor-column elementor-col-50 elementor-top-column elementor-element elementor-element-b1ae77e animated-slow elementor-invisible\" data-id=\"b1ae77e\" data-element_type=\"column\" data-settings=\"{&quot;animation&quot;:&quot;fadeInRight&quot;}\">\n\t\t\t<div class=\"elementor-widget-wrap elementor-element-populated\">\n\t\t\t\t\t\t\t\t<div class=\"elementor-element elementor-element-7092ea0 elementor-widget elementor-widget-text-editor\" data-id=\"7092ea0\" data-element_type=\"widget\" data-settings=\"{&quot;ekit_we_effect_on&quot;:&quot;none&quot;}\" data-widget_type=\"text-editor.default\">\n\t\t\t\t<div class=\"elementor-widget-container\">\n\t\t\t<style>\/*! elementor - v3.6.7 - 03-07-2022 *\/\n.elementor-widget-text-editor.elementor-drop-cap-view-stacked .elementor-drop-cap{background-color:#818a91;color:#fff}.elementor-widget-text-editor.elementor-drop-cap-view-framed .elementor-drop-cap{color:#818a91;border:3px solid;background-color:transparent}.elementor-widget-text-editor:not(.elementor-drop-cap-view-default) .elementor-drop-cap{margin-top:8px}.elementor-widget-text-editor:not(.elementor-drop-cap-view-default) .elementor-drop-cap-letter{width:1em;height:1em}.elementor-widget-text-editor .elementor-drop-cap{float:left;text-align:center;line-height:1;font-size:50px}.elementor-widget-text-editor .elementor-drop-cap-letter{display:inline-block}<\/style>\t\t\t\t<p><b>PICO GIFT\u00a0<\/b>l\u00e0 \u0111\u01a1n v\u1ecb chuy\u00ean cung c\u1ea5p c\u00e1c gi\u1ea3i ph\u00e1p qu\u00e0 t\u1eb7ng cao c\u1ea5p cho doanh nghi\u1ec7p v\u00e0 c\u00e1 nh\u00e2n. Ch\u00fang t\u00f4i h\u01b0\u1edbng \u0111\u1ebfn c\u00e1c s\u1ea3n ph\u1ea9m dinh d\u01b0\u1ee1ng ch\u1ea5t l\u01b0\u1ee3ng cao, an to\u00e0n v\u00e0 t\u1ed1t cho s\u1ee9c kh\u1ecfe.<\/p><p>Ch\u00fang t\u00f4i c\u00f3 \u0111\u1ed9i ng\u0169 nh\u00e2n vi\u00ean tr\u1ebb trung, n\u0103ng \u0111\u1ed9ng, s\u00e1ng t\u1ea1o v\u00e0 thi\u1ebft k\u1ebf chuy\u00ean nghi\u1ec7p s\u1ebd t\u01b0 v\u1ea5n t\u1eadn t\u00ecnh cho c\u00e1c nhu c\u1ea7u \u0111a d\u1ea1ng c\u1ee7a kh\u00e1ch h\u00e0ng.<\/p><p>Ch\u00fang t\u00f4i c\u00f2n c\u00f3 m\u1ea1ng l\u01b0\u1edbi c\u00e1c nh\u00e0 cung c\u1ea5p s\u1ea3n ph\u1ea9m uy t\u00edn v\u00e0 ch\u1ea5t l\u01b0\u1ee3ng. S\u1ea3n ph\u1ea9m c\u1ee7a ch\u00fang t\u00f4i \u0111\u01b0\u1ee3c l\u1ef1a ch\u1ecdn v\u00e0 ki\u1ec3m tra nghi\u00eam ng\u1eb7t c\u1ea3 v\u1ec1 h\u00ecnh th\u1ee9c l\u1eabn ch\u1ea5t l\u01b0\u1ee3ng.<\/p>\t\t\t\t\t\t<\/div>\n\t\t\t\t<\/div>\n\t\t\t\t\t<\/div>\n\t\t<\/div>\n\t\t\t\t\t\t\t<\/div>\n\t\t<\/section>\n\t\t\t\t<section class=\"elementor-section elementor-top-section elementor-element elementor-element-dd6b966 elementor-section-content-middle elementor-section-boxed elementor-section-height-default elementor-section-height-default\" data-id=\"dd6b966\" data-element_type=\"section\">\n\t\t\t\t\t\t<div class=\"elementor-container elementor-column-gap-default\">\n\t\t\t\t\t<div class=\"elementor-column elementor-col-50 elementor-top-column elementor-element elementor-element-c5e1894 animated-slow elementor-invisible\" data-id=\"c5e1894\" data-element_type=\"column\" data-settings=\"{&quot;animation&quot;:&quot;fadeInLeft&quot;}\">\n\t\t\t<div class=\"elementor-widget-wrap elementor-element-populated\">\n\t\t\t\t\t\t\t\t<div class=\"elementor-element elementor-element-6cc38f4 animated-slow elementor-invisible elementor-widget elementor-widget-heading\" data-id=\"6cc38f4\" data-element_type=\"widget\" data-settings=\"{&quot;_animation&quot;:&quot;fadeInUp&quot;,&quot;ekit_we_effect_on&quot;:&quot;none&quot;}\" data-widget_type=\"heading.default\">\n\t\t\t\t<div class=\"elementor-widget-container\">\n\t\t\t<h2 class=\"elementor-heading-title elementor-size-medium\">Gi\u1ea3i ph\u00e1p<br>qu\u00e0 t\u1eb7ng <br>Pico Gift<\/h2>\t\t<\/div>\n\t\t\t\t<\/div>\n\t\t\t\t<div class=\"elementor-element elementor-element-f338815 elementor-widget elementor-widget-text-editor\" data-id=\"f338815\" data-element_type=\"widget\" data-settings=\"{&quot;ekit_we_effect_on&quot;:&quot;none&quot;}\" data-widget_type=\"text-editor.default\">\n\t\t\t\t<div class=\"elementor-widget-container\">\n\t\t\t\t\t\t\t<p>Trong th\u1eddi \u0111\u1ea1i ng\u00e0y nay, th\u01b0\u01a1ng hi\u1ec7u l\u00e0 m\u1ed9t trong nh\u1eefng gi\u00e1 tr\u1ecb c\u1ed1t l\u00f5i c\u00f9ng s\u1ef1 ph\u00e1t tri\u1ec3n c\u00f9a doanh nghi\u1ec7p. V\u00ec th\u1ebf, t\u1eb7ng qu\u00e0 l\u00e0 m\u1ed9t c\u00e1ch t\u1ea1o d\u1ef1ng h\u00ecnh \u1ea3nh mang \u1ea5n t\u01b0\u1ee3ng c\u1ee7a doanh nghi\u1ec7p \u0111\u1ebfn kh\u00e1ch h\u00e0ng, b\u1ea1n b\u00e8, \u0111\u1ed1i t\u00e1c v\u00e0 nh\u00e2n vi\u00ean.<\/p><p>Tuy nhi\u00ean, tr\u01b0\u1edbc nhi\u1ec1u s\u1ea3n ph\u1ea9m c\u00f3 th\u1ec3 \u0111\u01b0\u1ee3c l\u1ef1a ch\u1ecdn l\u00e0m qu\u00e0 t\u1eb7ng, l\u00e0m th\u1ebf n\u00e0o \u0111\u1ec3 ch\u1ecdn \u0111\u01b0\u1ee3c m\u1ed9t m\u00f3n qu\u00e0 ph\u00f9 h\u1ee3p v\u1edbi m\u1ee5c ti\u00eau x\u00e2y d\u1ef1ng th\u01b0\u01a1ng hi\u1ec7u c\u1ee7a doanh nghi\u1ec7p?<\/p><p><strong>Pico Gift<\/strong> s\u1ebd gi\u00fap b\u1ea1n \u0111\u01b0a ra nh\u1eefng gi\u1ea3i ph\u00e1p qu\u00e0 t\u1eb7ng ph\u00f9 h\u1ee3p nh\u1ea5t.<\/p><p>S\u1ee9 m\u1ec7nh v\u00e0 m\u1ee5c ti\u00eau c\u1ee7a <strong>Pico Gift<\/strong> l\u00e0 \u0111\u1ed3ng h\u00e0nh c\u00f9ng s\u1ef1 ph\u00e1t tri\u1ec3n th\u01b0\u01a1ng hi\u1ec7u c\u1ee7a c\u00e1c doanh nghi\u1ec7p, gi\u00fap doanh nghi\u1ec7p x\u00e2y d\u1ef1ng \u0111\u01b0\u1ee3c m\u1ed1i quan h\u1ec7 b\u1ec1n ch\u1eb7t v\u1edbi \u0111\u1ed1i t\u00e1c th\u00f4ng qua c\u00e1c gi\u1ea3i ph\u00e1p qu\u00e0 t\u1eb7ng \u00fd ngh\u0129a v\u00e0 ch\u1ea5t l\u01b0\u1ee3ng.\u00a0<\/p><p><strong>Pico Gift<\/strong> cam k\u1ebft n\u1ed7 l\u1ef1c ho\u00e0n thi\u1ec7n nh\u1eefng s\u1ea3n ph\u1ea9m v\u00e0 d\u1ecbch v\u1ee5, gi\u00fap c\u00e1c doanh nghi\u1ec7p an t\u00e2m, \u0111\u1ea1t \u0111\u01b0\u1ee3c s\u1ef1 h\u00e0i l\u00f2ng cao nh\u1ea5t.<\/p>\t\t\t\t\t\t<\/div>\n\t\t\t\t<\/div>\n\t\t\t\t\t<\/div>\n\t\t<\/div>\n\t\t\t\t<div class=\"elementor-column elementor-col-50 elementor-top-column elementor-element elementor-element-be93473 animated-slow elementor-invisible\" data-id=\"be93473\" data-element_type=\"column\" data-settings=\"{&quot;animation&quot;:&quot;fadeInRight&quot;}\">\n\t\t\t<div class=\"elementor-widget-wrap elementor-element-populated\">\n\t\t\t\t\t\t\t\t<div class=\"elementor-element elementor-element-ff325d3 elementor-widget elementor-widget-image\" data-id=\"ff325d3\" data-element_type=\"widget\" data-settings=\"{&quot;ekit_we_effect_on&quot;:&quot;none&quot;}\" data-widget_type=\"image.default\">\n\t\t\t\t<div class=\"elementor-widget-container\">\n\t\t\t\t\t\t\t\t\t\t\t\t\t\t\t<img decoding=\"async\" width=\"800\" height=\"558\" src=\"https:\/\/picogift.com\/wp-content\/uploads\/2022\/11\/0-1.png\" class=\"attachment-large size-large\" alt=\"\" loading=\"lazy\" srcset=\"https:\/\/picogift.com\/wp-content\/uploads\/2022\/11\/0-1.png 900w, https:\/\/picogift.com\/wp-content\/uploads\/2022\/11\/0-1-300x209.png 300w, https:\/\/picogift.com\/wp-content\/uploads\/2022\/11\/0-1-768x536.png 768w, https:\/\/picogift.com\/wp-content\/uploads\/2022\/11\/0-1-18x12.png 18w, https:\/\/picogift.com\/wp-content\/uploads\/2022\/11\/0-1-600x419.png 600w\" sizes=\"(max-width: 800px) 100vw, 800px\" \/>\t\t\t\t\t\t\t\t\t\t\t\t\t\t\t<\/div>\n\t\t\t\t<\/div>\n\t\t\t\t<div class=\"elementor-element elementor-element-9ef599b elementor-widget__width-initial elementor-absolute elementor-widget elementor-widget-spacer\" data-id=\"9ef599b\" data-element_type=\"widget\" data-settings=\"{&quot;_position&quot;:&quot;absolute&quot;,&quot;ekit_we_effect_on&quot;:&quot;none&quot;}\" data-widget_type=\"spacer.default\">\n\t\t\t\t<div class=\"elementor-widget-container\">\n\t\t\t\t\t<div class=\"elementor-spacer\">\n\t\t\t<div class=\"elementor-spacer-inner\"><\/div>\n\t\t<\/div>\n\t\t\t\t<\/div>\n\t\t\t\t<\/div>\n\t\t\t\t\t<\/div>\n\t\t<\/div>\n\t\t\t\t\t\t\t<\/div>\n\t\t<\/section>\n\t\t\t\t\t\t\t<\/div>","protected":false},"excerpt":{"rendered":"<p>V\u1ec1 Pico Gift PICO GIFT\u00a0l\u00e0 \u0111\u01a1n v\u1ecb chuy\u00ean cung c\u1ea5p c\u00e1c gi\u1ea3i ph\u00e1p qu\u00e0 t\u1eb7ng cao c\u1ea5p cho doanh nghi\u1ec7p v\u00e0 c\u00e1 nh\u00e2n. Ch\u00fang t\u00f4i h\u01b0\u1edbng \u0111\u1ebfn c\u00e1c s\u1ea3n ph\u1ea9m dinh d\u01b0\u1ee1ng ch\u1ea5t l\u01b0\u1ee3ng cao, an to\u00e0n v\u00e0 t\u1ed1t cho s\u1ee9c kh\u1ecfe. Ch\u00fang t\u00f4i c\u00f3 \u0111\u1ed9i ng\u0169 nh\u00e2n vi\u00ean tr\u1ebb trung, n\u0103ng \u0111\u1ed9ng, s\u00e1ng t\u1ea1o [&hellip;]<\/p>","protected":false},"author":1,"featured_media":0,"parent":0,"menu_order":0,"comment_status":"closed","ping_status":"closed","template":"elementor_header_footer","meta":[],"yoast_head":"<!-- This site is optimized with the Yoast SEO Premium plugin v15.5 - https:\/\/yoast.com\/wordpress\/plugins\/seo\/ -->\n<title>V\u1ec1 ch\u00fang t\u00f4i - Pico Gift<\/title>\n<meta name=\"robots\" content=\"index, follow, max-snippet:-1, max-image-preview:large, max-video-preview:-1\" \/>\n<link rel=\"canonical\" href=\"https:\/\/picogift.com\/en\/ve-chung-toi\/\" \/>\n<meta property=\"og:locale\" content=\"en_US\" \/>\n<meta property=\"og:type\" content=\"article\" \/>\n<meta property=\"og:title\" content=\"V\u1ec1 ch\u00fang t\u00f4i - Pico Gift\" \/>\n<meta property=\"og:description\" content=\"V\u1ec1 Pico Gift PICO GIFT\u00a0l\u00e0 \u0111\u01a1n v\u1ecb chuy\u00ean cung c\u1ea5p c\u00e1c gi\u1ea3i ph\u00e1p qu\u00e0 t\u1eb7ng cao c\u1ea5p cho doanh nghi\u1ec7p v\u00e0 c\u00e1 nh\u00e2n. Ch\u00fang t\u00f4i h\u01b0\u1edbng \u0111\u1ebfn c\u00e1c s\u1ea3n ph\u1ea9m dinh d\u01b0\u1ee1ng ch\u1ea5t l\u01b0\u1ee3ng cao, an to\u00e0n v\u00e0 t\u1ed1t cho s\u1ee9c kh\u1ecfe. Ch\u00fang t\u00f4i c\u00f3 \u0111\u1ed9i ng\u0169 nh\u00e2n vi\u00ean tr\u1ebb trung, n\u0103ng \u0111\u1ed9ng, s\u00e1ng t\u1ea1o [&hellip;]\" \/>\n<meta property=\"og:url\" content=\"https:\/\/picogift.com\/en\/ve-chung-toi\/\" \/>\n<meta property=\"og:site_name\" content=\"Pico Gift\" \/>\n<meta property=\"article:publisher\" content=\"https:\/\/www.facebook.com\/Quatangpicogift\/\" \/>\n<meta property=\"article:modified_time\" content=\"2025-12-10T20:03:37+00:00\" \/>\n<meta property=\"og:image\" content=\"https:\/\/picogift.com\/wp-content\/uploads\/2022\/07\/0-PICO-GIFT-LOGO-FINAL-CHOT-whitebg.png\" \/>\n<meta name=\"twitter:card\" content=\"summary_large_image\" \/>\n<meta name=\"twitter:label1\" content=\"Est. reading time\">\n\t<meta name=\"twitter:data1\" content=\"2 minutes\">\n<script type=\"application\/ld+json\" class=\"yoast-schema-graph\">{\"@context\":\"https:\/\/schema.org\",\"@graph\":[{\"@type\":\"Organization\",\"@id\":\"https:\/\/picogift.com\/#organization\",\"name\":\"Pico Gift\",\"url\":\"https:\/\/picogift.com\/\",\"sameAs\":[\"https:\/\/www.facebook.com\/Quatangpicogift\/\"],\"logo\":{\"@type\":\"ImageObject\",\"@id\":\"https:\/\/picogift.com\/#logo\",\"inLanguage\":\"en-US\",\"url\":\"https:\/\/picogift.com\/wp-content\/uploads\/2022\/07\/0-pico-gift-logo.png\",\"width\":513,\"height\":512,\"caption\":\"Pico Gift\"},\"image\":{\"@id\":\"https:\/\/picogift.com\/#logo\"}},{\"@type\":\"WebSite\",\"@id\":\"https:\/\/picogift.com\/#website\",\"url\":\"https:\/\/picogift.com\/\",\"name\":\"Pico Gift\",\"description\":\"Gi\\u1ea3i Ph\\u00e1p Qu\\u00e0 T\\u1eb7ng Cho Doanh Nghi\\u1ec7p\",\"publisher\":{\"@id\":\"https:\/\/picogift.com\/#organization\"},\"potentialAction\":[{\"@type\":\"SearchAction\",\"target\":\"https:\/\/picogift.com\/?s={search_term_string}\",\"query-input\":\"required name=search_term_string\"}],\"inLanguage\":\"en-US\"},{\"@type\":\"ImageObject\",\"@id\":\"https:\/\/picogift.com\/ve-chung-toi\/#primaryimage\",\"inLanguage\":\"en-US\",\"url\":\"https:\/\/picogift.com\/wp-content\/uploads\/2022\/07\/0-PICO-GIFT-LOGO-FINAL-CHOT-whitebg.png\",\"width\":206,\"height\":246},{\"@type\":\"WebPage\",\"@id\":\"https:\/\/picogift.com\/ve-chung-toi\/#webpage\",\"url\":\"https:\/\/picogift.com\/ve-chung-toi\/\",\"name\":\"V\\u1ec1 ch\\u00fang t\\u00f4i - Pico Gift\",\"isPartOf\":{\"@id\":\"https:\/\/picogift.com\/#website\"},\"primaryImageOfPage\":{\"@id\":\"https:\/\/picogift.com\/ve-chung-toi\/#primaryimage\"},\"datePublished\":\"2022-07-05T02:40:40+00:00\",\"dateModified\":\"2025-12-10T20:03:37+00:00\",\"inLanguage\":\"en-US\",\"potentialAction\":[{\"@type\":\"ReadAction\",\"target\":[\"https:\/\/picogift.com\/ve-chung-toi\/\"]}]}]}<\/script>\n<!-- \/ Yoast SEO Premium plugin. -->","_links":{"self":[{"href":"https:\/\/picogift.com\/en\/wp-json\/wp\/v2\/pages\/434"}],"collection":[{"href":"https:\/\/picogift.com\/en\/wp-json\/wp\/v2\/pages"}],"about":[{"href":"https:\/\/picogift.com\/en\/wp-json\/wp\/v2\/types\/page"}],"author":[{"embeddable":true,"href":"https:\/\/picogift.com\/en\/wp-json\/wp\/v2\/users\/1"}],"replies":[{"embeddable":true,"href":"https:\/\/picogift.com\/en\/wp-json\/wp\/v2\/comments?post=434"}],"version-history":[{"count":27,"href":"https:\/\/picogift.com\/en\/wp-json\/wp\/v2\/pages\/434\/revisions"}],"predecessor-version":[{"id":3110,"href":"https:\/\/picogift.com\/en\/wp-json\/wp\/v2\/pages\/434\/revisions\/3110"}],"wp:attachment":[{"href":"https:\/\/picogift.com\/en\/wp-json\/wp\/v2\/media?parent=434"}],"curies":[{"name":"wp","href":"https:\/\/api.w.org\/{rel}","templated":true}]}}