{"id":1843,"date":"2022-10-18T14:03:38","date_gmt":"2022-10-18T07:03:38","guid":{"rendered":"https:\/\/picogift.com\/?post_type=product&#038;p=1843"},"modified":"2024-12-04T18:12:10","modified_gmt":"2024-12-04T11:12:10","slug":"hop-qua-hat-dinh-duong-size-nho-200gr-qua-tang-suc-khoe-combo-3-loai-hat-dinh-duong","status":"publish","type":"product","link":"https:\/\/picogift.com\/en\/product\/hop-qua-hat-dinh-duong-size-nho-200gr-qua-tang-suc-khoe-combo-3-loai-hat-dinh-duong\/","title":{"rendered":"H\u1ed9p Qu\u00e0 H\u1ea1t Dinh D\u01b0\u1ee1ng Size Nh\u1ecf ( 200gr), Qu\u00e0 T\u1eb7ng S\u1ee9c Kh\u1ecfe, Combo 3 Lo\u1ea1i H\u1ea1t Dinh D\u01b0\u1ee1ng"},"content":{"rendered":"<p>H\u1ed9p Qu\u00e0 H\u1ea1t Dinh D\u01b0\u1ee1ng Size Nh\u1ecf ( 200gr), H\u1ed9p Qu\u00e0 T\u1eb7ng S\u1ee9c Kh\u1ecfe, Combo 3 Lo\u1ea1i H\u1ea1t<br \/>\nTH\u00d4NG TIN S\u1ea2N PH\u1ea8M:<br \/>\n&#8211; Nh\u00e3n hi\u1ec7u: Pico Gift<br \/>\n&#8211; Ph\u00e2n ph\u1ed1i b\u1edfi: C\u00f4ng ty TNHH Xu\u1ea5t Nh\u1eadp Kh\u1ea9u Pico Agriviet<br \/>\n&#8211; K\u00edch th\u01b0\u1edbc h\u1ea1t: Size A<br \/>\n&#8211; Tr\u1ecdng l\u01b0\u1ee3ng: 150gr, 200gr<br \/>\n&#8211; H\u1ea1n s\u1eed d\u1ee5ng: 12 th\u00e1ng k\u1ec3 t\u1eeb ng\u00e0y s\u1ea3n xu\u1ea5t<br \/>\n&#8211; Ng\u00e0y s\u1ea3n xu\u1ea5t: Xem tr\u00ean bao b\u00ec s\u1ea3n ph\u1ea9m<\/p>\n<p>SET QU\u00c0 G\u1ed2M 4 LO\u1ea0I H\u1ea0T T\u1ef0 CH\u1eccN:<\/p>\n<p>1. H\u1ea1t d\u1ebb c\u01b0\u1eddi kh\u00f4ng t\u1ea9y tr\u1eafng<br \/>\n2. H\u1ea1t \u0111i\u1ec1u rang mu\u1ed1i c\u00f2n v\u1ecf l\u1ee5a<br \/>\n3. H\u1ea1t macca nu\u031b\u0301t vo\u0309<br \/>\n4. H\u1ea1t h\u1ea1nh nh\u00e2n rang b\u01a1<br \/>\n================================<br \/>\nSET NH\u1ece: 2 H\u1ed8P 200G V\u00c0 M\u1ed8T H\u1ed8P 150G<\/p>\n<p>SET 1: MACCA + H\u1ea0T \u0110I\u1ec0U + H\u1ea0NH NH\u00c2N (150GR)<\/p>\n<p>SET 2: MACCA + H\u1ea0T \u0110I\u1ec0U + H\u1ea0T D\u1eba C\u01af\u1edcI (150GR)<\/p>\n<p>SET 3: H\u1ea0T \u0110I\u1ec0U + H\u1ea0NH NH\u00c2N + H\u1ea0T D\u1eba C\u01af\u1edcI ( 150GR)<\/p>\n<p>SET 4: H\u1ea0T \u0110I\u1ec0U + H\u1ea0NH NH\u00c2N + HAT MACCA ( 150GR )<br \/>\n= = = = = = = = = = = = = = = = = = = = = = =<br \/>\nPICOFOOD &#8211; CAM K\u1ebeT:<br \/>\nCh\u00fang t\u00f4i lu\u00f4n mong mu\u1ed1n cung c\u1ea5p cho kh\u00e1ch h\u00e0ng nh\u1eefng s\u1ea3n ph\u1ea9m v\u00e0 d\u1ecbch v\u1ee5 t\u1ed1t nh\u1ea5t:<br \/>\n&#8211; 100% c\u00e1c lo\u1ea1i h\u1ea1t dinh d\u01b0\u1ee1ng \u0111\u1ec1u \u0111\u01b0\u1ee3c ch\u1ecdn l\u1ecdc v\u00e0 \u0111\u1ea3m b\u1ea3o v\u1ec1 ch\u1ea5t l\u01b0\u1ee3ng v\u1edbi h\u00e0m l\u01b0\u1ee3ng dinh d\u01b0\u1ee1ng t\u1ed1i \u01b0u.<br \/>\n&#8211; S\u1ea3n ph\u1ea9m c\u00f3 bao b\u00ec \u0111\u00f3ng g\u00f3i \u0111\u1eb9p ph\u00f9 h\u1ee3p l\u00e0m qu\u00e0 bi\u1ebfu, t\u1eb7ng.<br \/>\n&#8211; \u0110\u1ed9i ng\u0169 t\u01b0 v\u1ea5n vi\u00ean s\u1eb5n s\u00e0ng tr\u1ea3 l\u1eddi m\u1ecdi th\u1eafc m\u1eafc li\u00ean quan t\u1edbi s\u1ea3n ph\u1ea9m.<br \/>\n&#8211; Shop s\u1eb5n s\u00e0ng \u0111\u1ed5i tr\u1ea3 n\u1ebfu s\u1ea3n ph\u1ea9m l\u1ed7i, h\u01b0, h\u1ecfng, kh\u00f4ng \u0111\u00fang ch\u1ea5t l\u01b0\u1ee3ng.<\/p>\n<p>H\u01af\u1edaNG D\u1eaaN S\u1eec D\u1ee4NG:<br \/>\n&#8211; \u0102n tr\u1ef1c ti\u1ebfp<\/p>\n<p>H\u01af\u1ee0NG D\u1eaaN B\u1ea2O QU\u1ea2N:<br \/>\n&#8211; \u0110\u1ec3 trong h\u0169 k\u00edn, n\u01a1i kh\u00f4 r\u00e1o, tho\u00e1ng m\u00e1t, c\u1ea5t trong ng\u0103n m\u00e1t t\u1ee7 l\u1ea1nh \u0111\u1ec3 gi\u1eef \u0111\u01b0\u1ee3c \u0111\u1ed9 gi\u00f2n l\u00e2u h\u01a1n.<\/p>\n<p>#pico #picofood #nuts #hat #dinh #duong #macca #hatdieu #HAT #hatde #hatdecuoi #hatdeuc #hatdieubinhphuoc#hatdieunguyenvo #hatdieunguyenvi #binhphuoc #dieu #hatbinhphuoc #dieurangmuoi #hat #pico #food #h\u1ea1tdingduong #nuts#maccanguyenvi #maccanutvo #maccasaylanh #food #macamadia #say #oc #cho #vang #do #mac #ca #macca #an #kieng #giam #can #ba #bau #me #be #healthy #mix #mixhat #hatnhanrangbo #hanhnhan #hanhnhan #granola #Picofood #hatdinhduong #hatnhapkhau #Macca #Hanhnhan #Hatdieu #maccanutvo #hanhnhanrangbo #hatdieurangmuoi #hatdecuoi #nuts #Hatdinhduong #Quatangdinhduong #qua #set #combo #hopqua #hopquadinhduong #sethatquatang #quatanghat #quatangsuckhoe #combosethat #comboquatang<\/p>","protected":false},"excerpt":{"rendered":"<p>H\u1ea1t dinh d\u01b0\u1ee1ng l\u00e0 m\u1ed9t trong nh\u1eefng m\u00f3n qu\u00e0 xu h\u01b0\u1edbng hi\u1ec7n nay nh\u1edd h\u00e0m l\u01b0\u1ee3ng ch\u1ea5t dinh d\u01b0\u1ee1ng cao r\u1ea5t t\u1ed1t cho s\u1ee9c kh\u1ecfe c\u0169ng nh\u01b0 th\u01a1m ngon, d\u1ec5 \u0103n.<\/p>\n<p>T\u1eb7ng h\u1ea1t dinh d\u01b0\u1ee1ng \u0111\u1ec3 g\u1eedi t\u1eb7ng \u0111\u1ebfn nh\u1eefng ng\u01b0\u1eddi th\u00e2n y\u00eau c\u1ee7a m\u00ecnh k\u00e8m l\u1eddi ch\u00fac b\u00ecnh an, may m\u1eafn v\u00e0 s\u1ee9c kh\u1ecfe d\u1ed3i d\u00e0o.<\/p>\n<p>Ch\u00ednh v\u00ec v\u1eady m\u00e0 trong nh\u1eefng n\u0103m g\u1ea7n \u0111\u00e2y, nh\u1eefng m\u00f3n qu\u00e0 s\u1ee9c kh\u1ecfe \u0111\u00e3 len l\u1ecfi d\u1ea7n d\u1ea7n v\u00e0o v\u0103n h\u00f3a t\u1eb7ng qu\u00e0 c\u1ee7a ng\u01b0\u1eddi d\u00e2n Vi\u1ec7t Nam.<\/p>\n<p>PICOFOOD l\u00e0 th\u01b0\u01a1ng hi\u1ec7u chuy\u00ean cung c\u1ea5p c\u00e1c lo\u1ea1i h\u1ea1t dinh d\u01b0\u1ee1ng cao c\u1ea5p: H\u1ea1nh nh\u00e2n, h\u1ea1t \u0111i\u1ec1u, h\u1ea1t macca,h\u1ea1t d\u1ebb c\u01b0\u1eddi&#8230; \u0111em l\u1ea1i cho b\u1ea1n nhi\u1ec1u l\u1ee3i \u00edch tr\u00ean ph\u01b0\u01a1ng di\u1ec7n s\u1ee9c kh\u1ecfe v\u00e0 l\u00e0m \u0111\u1eb9p.<\/p>","protected":false},"featured_media":2317,"comment_status":"open","ping_status":"closed","template":"","meta":[],"product_cat":[75],"product_tag":[70,72,73,71,74],"yoast_head":"<!-- This site is optimized with the Yoast SEO Premium plugin v15.5 - https:\/\/yoast.com\/wordpress\/plugins\/seo\/ -->\n<title>H\u1ed9p Qu\u00e0 H\u1ea1t Dinh D\u01b0\u1ee1ng Size Nh\u1ecf ( 200gr), Qu\u00e0 T\u1eb7ng S\u1ee9c Kh\u1ecfe, Combo 3 Lo\u1ea1i H\u1ea1t Dinh D\u01b0\u1ee1ng - S\u1ea3n ph\u1ea9m -<\/title>\n<meta name=\"description\" content=\"Pico Gift - Cung c\u1ea5p c\u00e1c gi\u1ea3i ph\u00e1p qu\u00e0 t\u1eb7ng doanh nghi\u1ec7p, qu\u00e0 t\u1eb7ng s\u1ef1 ki\u1ec7n, qu\u00e0 t\u1eb7ng l\u1ec5 t\u1ebft. Pico Gift \u0111\u1ed3ng h\u00e0nh c\u00f9ng doanh nghi\u1ec7p x\u00e2y d\u1ef1ng th\u01b0\u01a1ng hi\u1ec7u.\" \/>\n<meta name=\"robots\" content=\"index, follow, max-snippet:-1, max-image-preview:large, max-video-preview:-1\" \/>\n<link rel=\"canonical\" href=\"https:\/\/picogift.com\/en\/product\/hop-qua-hat-dinh-duong-size-nho-200gr-qua-tang-suc-khoe-combo-3-loai-hat-dinh-duong\/\" \/>\n<meta property=\"og:locale\" content=\"en_US\" \/>\n<meta property=\"og:type\" content=\"article\" \/>\n<meta property=\"og:title\" content=\"H\u1ed9p Qu\u00e0 H\u1ea1t Dinh D\u01b0\u1ee1ng Size Nh\u1ecf ( 200gr), Qu\u00e0 T\u1eb7ng S\u1ee9c Kh\u1ecfe, Combo 3 Lo\u1ea1i H\u1ea1t Dinh D\u01b0\u1ee1ng - S\u1ea3n ph\u1ea9m -\" \/>\n<meta property=\"og:description\" content=\"Pico Gift - Cung c\u1ea5p c\u00e1c gi\u1ea3i ph\u00e1p qu\u00e0 t\u1eb7ng doanh nghi\u1ec7p, qu\u00e0 t\u1eb7ng s\u1ef1 ki\u1ec7n, qu\u00e0 t\u1eb7ng l\u1ec5 t\u1ebft. Pico Gift \u0111\u1ed3ng h\u00e0nh c\u00f9ng doanh nghi\u1ec7p x\u00e2y d\u1ef1ng th\u01b0\u01a1ng hi\u1ec7u.\" \/>\n<meta property=\"og:url\" content=\"https:\/\/picogift.com\/en\/product\/hop-qua-hat-dinh-duong-size-nho-200gr-qua-tang-suc-khoe-combo-3-loai-hat-dinh-duong\/\" \/>\n<meta property=\"og:site_name\" content=\"Pico Gift\" \/>\n<meta property=\"article:publisher\" content=\"https:\/\/www.facebook.com\/Quatangpicogift\/\" \/>\n<meta property=\"article:modified_time\" content=\"2024-12-04T11:12:10+00:00\" \/>\n<meta property=\"og:image\" content=\"https:\/\/picogift.com\/wp-content\/uploads\/2022\/10\/Hinh-set-nho-1.jpg\" \/>\n\t<meta property=\"og:image:width\" content=\"1200\" \/>\n\t<meta property=\"og:image:height\" content=\"1199\" \/>\n<meta name=\"twitter:card\" content=\"summary_large_image\" \/>\n<meta name=\"twitter:label1\" content=\"Est. reading time\">\n\t<meta name=\"twitter:data1\" content=\"2 minutes\">\n<script type=\"application\/ld+json\" class=\"yoast-schema-graph\">{\"@context\":\"https:\/\/schema.org\",\"@graph\":[{\"@type\":\"Organization\",\"@id\":\"https:\/\/picogift.com\/#organization\",\"name\":\"Pico Gift\",\"url\":\"https:\/\/picogift.com\/\",\"sameAs\":[\"https:\/\/www.facebook.com\/Quatangpicogift\/\"],\"logo\":{\"@type\":\"ImageObject\",\"@id\":\"https:\/\/picogift.com\/#logo\",\"inLanguage\":\"en-US\",\"url\":\"https:\/\/picogift.com\/wp-content\/uploads\/2022\/07\/0-pico-gift-logo.png\",\"width\":513,\"height\":512,\"caption\":\"Pico Gift\"},\"image\":{\"@id\":\"https:\/\/picogift.com\/#logo\"}},{\"@type\":\"WebSite\",\"@id\":\"https:\/\/picogift.com\/#website\",\"url\":\"https:\/\/picogift.com\/\",\"name\":\"Pico Gift\",\"description\":\"Gi\\u1ea3i Ph\\u00e1p Qu\\u00e0 T\\u1eb7ng Cho Doanh Nghi\\u1ec7p\",\"publisher\":{\"@id\":\"https:\/\/picogift.com\/#organization\"},\"potentialAction\":[{\"@type\":\"SearchAction\",\"target\":\"https:\/\/picogift.com\/?s={search_term_string}\",\"query-input\":\"required name=search_term_string\"}],\"inLanguage\":\"en-US\"},{\"@type\":\"ImageObject\",\"@id\":\"https:\/\/picogift.com\/san-pham\/hop-qua-hat-dinh-duong-size-nho-200gr-qua-tang-suc-khoe-combo-3-loai-hat-dinh-duong\/#primaryimage\",\"inLanguage\":\"en-US\",\"url\":\"https:\/\/picogift.com\/wp-content\/uploads\/2022\/10\/Hinh-set-nho-1.jpg\",\"width\":1200,\"height\":1199},{\"@type\":\"WebPage\",\"@id\":\"https:\/\/picogift.com\/san-pham\/hop-qua-hat-dinh-duong-size-nho-200gr-qua-tang-suc-khoe-combo-3-loai-hat-dinh-duong\/#webpage\",\"url\":\"https:\/\/picogift.com\/san-pham\/hop-qua-hat-dinh-duong-size-nho-200gr-qua-tang-suc-khoe-combo-3-loai-hat-dinh-duong\/\",\"name\":\"H\\u1ed9p Qu\\u00e0 H\\u1ea1t Dinh D\\u01b0\\u1ee1ng Size Nh\\u1ecf ( 200gr), Qu\\u00e0 T\\u1eb7ng S\\u1ee9c Kh\\u1ecfe, Combo 3 Lo\\u1ea1i H\\u1ea1t Dinh D\\u01b0\\u1ee1ng - S\\u1ea3n ph\\u1ea9m -\",\"isPartOf\":{\"@id\":\"https:\/\/picogift.com\/#website\"},\"primaryImageOfPage\":{\"@id\":\"https:\/\/picogift.com\/san-pham\/hop-qua-hat-dinh-duong-size-nho-200gr-qua-tang-suc-khoe-combo-3-loai-hat-dinh-duong\/#primaryimage\"},\"datePublished\":\"2022-10-18T07:03:38+00:00\",\"dateModified\":\"2024-12-04T11:12:10+00:00\",\"description\":\"Pico Gift - Cung c\\u1ea5p c\\u00e1c gi\\u1ea3i ph\\u00e1p qu\\u00e0 t\\u1eb7ng doanh nghi\\u1ec7p, qu\\u00e0 t\\u1eb7ng s\\u1ef1 ki\\u1ec7n, qu\\u00e0 t\\u1eb7ng l\\u1ec5 t\\u1ebft. Pico Gift \\u0111\\u1ed3ng h\\u00e0nh c\\u00f9ng doanh nghi\\u1ec7p x\\u00e2y d\\u1ef1ng th\\u01b0\\u01a1ng hi\\u1ec7u.\",\"inLanguage\":\"en-US\",\"potentialAction\":[{\"@type\":\"ReadAction\",\"target\":[\"https:\/\/picogift.com\/san-pham\/hop-qua-hat-dinh-duong-size-nho-200gr-qua-tang-suc-khoe-combo-3-loai-hat-dinh-duong\/\"]}]}]}<\/script>\n<!-- \/ Yoast SEO Premium plugin. -->","_links":{"self":[{"href":"https:\/\/picogift.com\/en\/wp-json\/wp\/v2\/product\/1843"}],"collection":[{"href":"https:\/\/picogift.com\/en\/wp-json\/wp\/v2\/product"}],"about":[{"href":"https:\/\/picogift.com\/en\/wp-json\/wp\/v2\/types\/product"}],"replies":[{"embeddable":true,"href":"https:\/\/picogift.com\/en\/wp-json\/wp\/v2\/comments?post=1843"}],"version-history":[{"count":1,"href":"https:\/\/picogift.com\/en\/wp-json\/wp\/v2\/product\/1843\/revisions"}],"predecessor-version":[{"id":2407,"href":"https:\/\/picogift.com\/en\/wp-json\/wp\/v2\/product\/1843\/revisions\/2407"}],"wp:featuredmedia":[{"embeddable":true,"href":"https:\/\/picogift.com\/en\/wp-json\/wp\/v2\/media\/2317"}],"wp:attachment":[{"href":"https:\/\/picogift.com\/en\/wp-json\/wp\/v2\/media?parent=1843"}],"wp:term":[{"taxonomy":"product_cat","embeddable":true,"href":"https:\/\/picogift.com\/en\/wp-json\/wp\/v2\/product_cat?post=1843"},{"taxonomy":"product_tag","embeddable":true,"href":"https:\/\/picogift.com\/en\/wp-json\/wp\/v2\/product_tag?post=1843"}],"curies":[{"name":"wp","href":"https:\/\/api.w.org\/{rel}","templated":true}]}}