{"id":1901,"date":"2022-10-18T15:07:26","date_gmt":"2022-10-18T08:07:26","guid":{"rendered":"https:\/\/picogift.com\/?post_type=product&#038;p=1901"},"modified":"2024-12-04T18:10:26","modified_gmt":"2024-12-04T11:10:26","slug":"hop-qua-tang-ban-gai-hop-tra-hoa-thao-moc-hat-dinh-duong","status":"publish","type":"product","link":"https:\/\/picogift.com\/en\/product\/hop-qua-tang-ban-gai-hop-tra-hoa-thao-moc-hat-dinh-duong\/","title":{"rendered":"H\u1ed9p Qu\u00e0 T\u1eb7ng B\u1ea1n G\u00e1i, H\u1ed9p Qu\u00e0 Tr\u00e0 Hoa Th\u1ea3o M\u1ed9c, H\u1ea1t Dinh D\u01b0\u1ee1ng"},"content":{"rendered":"<p>TH\u00d4NG TIN S\u1ea2N PH\u1ea8M:<br \/>\n&#8211; Nh\u00e3n hi\u1ec7u: Pico Food<br \/>\n&#8211; Ph\u00e2n ph\u1ed1i b\u1edfi: C\u00f4ng ty TNHH Xu\u1ea5t Nh\u1eadp Kh\u1ea9u Pico Agriviet<br \/>\n&#8211; K\u00edch th\u01b0\u1edbc h\u1ed9p: 22*28*9<br \/>\n&#8211; H\u1ea1n s\u1eed d\u1ee5ng: 12 th\u00e1ng k\u1ec3 t\u1eeb ng\u00e0y s\u1ea3n xu\u1ea5t<br \/>\n&#8211; Ng\u00e0y s\u1ea3n xu\u1ea5t: Xem tr\u00ean bao b\u00ec s\u1ea3n ph\u1ea9m<\/p>","protected":false},"excerpt":{"rendered":"<p>TH\u00d4NG TIN S\u1ea2N PH\u1ea8M: &#8211; Nh\u00e3n hi\u1ec7u: Pico Food &#8211; Ph\u00e2n ph\u1ed1i b\u1edfi: C\u00f4ng ty TNHH Xu\u1ea5t Nh\u1eadp Kh\u1ea9u Pico Agriviet &#8211; K\u00edch th\u01b0\u1edbc h\u1ed9p: 22*28*9 &#8211; H\u1ea1n s\u1eed d\u1ee5ng: 12 th\u00e1ng k\u1ec3 t\u1eeb ng\u00e0y s\u1ea3n xu\u1ea5t &#8211; Ng\u00e0y s\u1ea3n xu\u1ea5t: Xem tr\u00ean bao b\u00ec s\u1ea3n ph\u1ea9m<\/p>","protected":false},"featured_media":2275,"comment_status":"open","ping_status":"closed","template":"","meta":[],"product_cat":[75],"product_tag":[],"yoast_head":"<!-- This site is optimized with the Yoast SEO Premium plugin v15.5 - https:\/\/yoast.com\/wordpress\/plugins\/seo\/ -->\n<title>H\u1ed9p Qu\u00e0 T\u1eb7ng B\u1ea1n G\u00e1i, H\u1ed9p Qu\u00e0 Tr\u00e0 Hoa Th\u1ea3o M\u1ed9c, H\u1ea1t Dinh D\u01b0\u1ee1ng - Pico Gift<\/title>\n<meta name=\"description\" content=\"Ch\u1eb3ng c\u1ea7n l\u00ed do, c\u0169ng kh\u00f4ng v\u00ec m\u1ed9t d\u1ecbp n\u00e0o \u0111\u00f3 \u0111\u1eb7c bi\u1ec7t, \u0111i\u1ec1u khi\u1ebfn cho c\u00f4 g\u00e1i c\u1ee7a b\u1ea1n h\u1ea1nh ph\u00fac lu\u00f4n \u0111\u1ebfn t\u1eeb nh\u1eefng kho\u1ea3nh kh\u1eafc b\u1ea5t ng\u1edd trong cu\u1ed9c s\u1ed1ng. H\u00e3y g\u00f3i gh\u00e9m m\u1ed9t ch\u00fat quan t\u00e2m, m\u1ed9t ch\u00fat \u0111\u00e1ng y\u00eau g\u1eedi t\u1eb7ng ng\u01b0\u1eddi \u1ea5y \u0111\u1ec3 m\u1ecdi kho\u1ea3nh kh\u1eafc c\u1ee7a hai b\u1ea1n lu\u00f4n ng\u1ecdt ng\u00e0o nh\u01b0 ng\u00e0y \u0111\u1ea7u ti\u00ean nh\u00e9!\" \/>\n<meta name=\"robots\" content=\"index, follow, max-snippet:-1, max-image-preview:large, max-video-preview:-1\" \/>\n<link rel=\"canonical\" href=\"https:\/\/picogift.com\/en\/product\/hop-qua-tang-ban-gai-hop-tra-hoa-thao-moc-hat-dinh-duong\/\" \/>\n<meta property=\"og:locale\" content=\"en_US\" \/>\n<meta property=\"og:type\" content=\"article\" \/>\n<meta property=\"og:title\" content=\"H\u1ed9p Qu\u00e0 T\u1eb7ng B\u1ea1n G\u00e1i, H\u1ed9p Qu\u00e0 Tr\u00e0 Hoa Th\u1ea3o M\u1ed9c, H\u1ea1t Dinh D\u01b0\u1ee1ng - Pico Gift\" \/>\n<meta property=\"og:description\" content=\"Ch\u1eb3ng c\u1ea7n l\u00ed do, c\u0169ng kh\u00f4ng v\u00ec m\u1ed9t d\u1ecbp n\u00e0o \u0111\u00f3 \u0111\u1eb7c bi\u1ec7t, \u0111i\u1ec1u khi\u1ebfn cho c\u00f4 g\u00e1i c\u1ee7a b\u1ea1n h\u1ea1nh ph\u00fac lu\u00f4n \u0111\u1ebfn t\u1eeb nh\u1eefng kho\u1ea3nh kh\u1eafc b\u1ea5t ng\u1edd trong cu\u1ed9c s\u1ed1ng. H\u00e3y g\u00f3i gh\u00e9m m\u1ed9t ch\u00fat quan t\u00e2m, m\u1ed9t ch\u00fat \u0111\u00e1ng y\u00eau g\u1eedi t\u1eb7ng ng\u01b0\u1eddi \u1ea5y \u0111\u1ec3 m\u1ecdi kho\u1ea3nh kh\u1eafc c\u1ee7a hai b\u1ea1n lu\u00f4n ng\u1ecdt ng\u00e0o nh\u01b0 ng\u00e0y \u0111\u1ea7u ti\u00ean nh\u00e9!\" \/>\n<meta property=\"og:url\" content=\"https:\/\/picogift.com\/en\/product\/hop-qua-tang-ban-gai-hop-tra-hoa-thao-moc-hat-dinh-duong\/\" \/>\n<meta property=\"og:site_name\" content=\"Pico Gift\" \/>\n<meta property=\"article:publisher\" content=\"https:\/\/www.facebook.com\/Quatangpicogift\/\" \/>\n<meta property=\"article:modified_time\" content=\"2024-12-04T11:10:26+00:00\" \/>\n<meta property=\"og:image\" content=\"https:\/\/picogift.com\/wp-content\/uploads\/2022\/11\/chinh-hinh1.jpg\" \/>\n\t<meta property=\"og:image:width\" content=\"1779\" \/>\n\t<meta property=\"og:image:height\" content=\"1779\" \/>\n<meta name=\"twitter:card\" content=\"summary_large_image\" \/>\n<meta name=\"twitter:label1\" content=\"Est. reading time\">\n\t<meta name=\"twitter:data1\" content=\"0 minutes\">\n<script type=\"application\/ld+json\" class=\"yoast-schema-graph\">{\"@context\":\"https:\/\/schema.org\",\"@graph\":[{\"@type\":\"Organization\",\"@id\":\"https:\/\/picogift.com\/#organization\",\"name\":\"Pico Gift\",\"url\":\"https:\/\/picogift.com\/\",\"sameAs\":[\"https:\/\/www.facebook.com\/Quatangpicogift\/\"],\"logo\":{\"@type\":\"ImageObject\",\"@id\":\"https:\/\/picogift.com\/#logo\",\"inLanguage\":\"en-US\",\"url\":\"https:\/\/picogift.com\/wp-content\/uploads\/2022\/07\/0-pico-gift-logo.png\",\"width\":513,\"height\":512,\"caption\":\"Pico Gift\"},\"image\":{\"@id\":\"https:\/\/picogift.com\/#logo\"}},{\"@type\":\"WebSite\",\"@id\":\"https:\/\/picogift.com\/#website\",\"url\":\"https:\/\/picogift.com\/\",\"name\":\"Pico Gift\",\"description\":\"Gi\\u1ea3i Ph\\u00e1p Qu\\u00e0 T\\u1eb7ng Cho Doanh Nghi\\u1ec7p\",\"publisher\":{\"@id\":\"https:\/\/picogift.com\/#organization\"},\"potentialAction\":[{\"@type\":\"SearchAction\",\"target\":\"https:\/\/picogift.com\/?s={search_term_string}\",\"query-input\":\"required name=search_term_string\"}],\"inLanguage\":\"en-US\"},{\"@type\":\"ImageObject\",\"@id\":\"https:\/\/picogift.com\/san-pham\/hop-qua-tang-ban-gai-hop-tra-hoa-thao-moc-hat-dinh-duong\/#primaryimage\",\"inLanguage\":\"en-US\",\"url\":\"https:\/\/picogift.com\/wp-content\/uploads\/2022\/11\/chinh-hinh1.jpg\",\"width\":1779,\"height\":1779},{\"@type\":\"WebPage\",\"@id\":\"https:\/\/picogift.com\/san-pham\/hop-qua-tang-ban-gai-hop-tra-hoa-thao-moc-hat-dinh-duong\/#webpage\",\"url\":\"https:\/\/picogift.com\/san-pham\/hop-qua-tang-ban-gai-hop-tra-hoa-thao-moc-hat-dinh-duong\/\",\"name\":\"H\\u1ed9p Qu\\u00e0 T\\u1eb7ng B\\u1ea1n G\\u00e1i, H\\u1ed9p Qu\\u00e0 Tr\\u00e0 Hoa Th\\u1ea3o M\\u1ed9c, H\\u1ea1t Dinh D\\u01b0\\u1ee1ng - Pico Gift\",\"isPartOf\":{\"@id\":\"https:\/\/picogift.com\/#website\"},\"primaryImageOfPage\":{\"@id\":\"https:\/\/picogift.com\/san-pham\/hop-qua-tang-ban-gai-hop-tra-hoa-thao-moc-hat-dinh-duong\/#primaryimage\"},\"datePublished\":\"2022-10-18T08:07:26+00:00\",\"dateModified\":\"2024-12-04T11:10:26+00:00\",\"description\":\"Ch\\u1eb3ng c\\u1ea7n l\\u00ed do, c\\u0169ng kh\\u00f4ng v\\u00ec m\\u1ed9t d\\u1ecbp n\\u00e0o \\u0111\\u00f3 \\u0111\\u1eb7c bi\\u1ec7t, \\u0111i\\u1ec1u khi\\u1ebfn cho c\\u00f4 g\\u00e1i c\\u1ee7a b\\u1ea1n h\\u1ea1nh ph\\u00fac lu\\u00f4n \\u0111\\u1ebfn t\\u1eeb nh\\u1eefng kho\\u1ea3nh kh\\u1eafc b\\u1ea5t ng\\u1edd trong cu\\u1ed9c s\\u1ed1ng. H\\u00e3y g\\u00f3i gh\\u00e9m m\\u1ed9t ch\\u00fat quan t\\u00e2m, m\\u1ed9t ch\\u00fat \\u0111\\u00e1ng y\\u00eau g\\u1eedi t\\u1eb7ng ng\\u01b0\\u1eddi \\u1ea5y \\u0111\\u1ec3 m\\u1ecdi kho\\u1ea3nh kh\\u1eafc c\\u1ee7a hai b\\u1ea1n lu\\u00f4n ng\\u1ecdt ng\\u00e0o nh\\u01b0 ng\\u00e0y \\u0111\\u1ea7u ti\\u00ean nh\\u00e9!\",\"inLanguage\":\"en-US\",\"potentialAction\":[{\"@type\":\"ReadAction\",\"target\":[\"https:\/\/picogift.com\/san-pham\/hop-qua-tang-ban-gai-hop-tra-hoa-thao-moc-hat-dinh-duong\/\"]}]}]}<\/script>\n<!-- \/ Yoast SEO Premium plugin. -->","_links":{"self":[{"href":"https:\/\/picogift.com\/en\/wp-json\/wp\/v2\/product\/1901"}],"collection":[{"href":"https:\/\/picogift.com\/en\/wp-json\/wp\/v2\/product"}],"about":[{"href":"https:\/\/picogift.com\/en\/wp-json\/wp\/v2\/types\/product"}],"replies":[{"embeddable":true,"href":"https:\/\/picogift.com\/en\/wp-json\/wp\/v2\/comments?post=1901"}],"version-history":[{"count":1,"href":"https:\/\/picogift.com\/en\/wp-json\/wp\/v2\/product\/1901\/revisions"}],"predecessor-version":[{"id":1902,"href":"https:\/\/picogift.com\/en\/wp-json\/wp\/v2\/product\/1901\/revisions\/1902"}],"wp:featuredmedia":[{"embeddable":true,"href":"https:\/\/picogift.com\/en\/wp-json\/wp\/v2\/media\/2275"}],"wp:attachment":[{"href":"https:\/\/picogift.com\/en\/wp-json\/wp\/v2\/media?parent=1901"}],"wp:term":[{"taxonomy":"product_cat","embeddable":true,"href":"https:\/\/picogift.com\/en\/wp-json\/wp\/v2\/product_cat?post=1901"},{"taxonomy":"product_tag","embeddable":true,"href":"https:\/\/picogift.com\/en\/wp-json\/wp\/v2\/product_tag?post=1901"}],"curies":[{"name":"wp","href":"https:\/\/api.w.org\/{rel}","templated":true}]}}