{"id":2157,"date":"2022-11-07T18:07:52","date_gmt":"2022-11-07T11:07:52","guid":{"rendered":"https:\/\/picogift.com\/?post_type=product&#038;p=2157"},"modified":"2025-12-09T22:01:09","modified_gmt":"2025-12-09T15:01:09","slug":"hop-qua-tet-cao-cap-hoa-khai-phu-quy","status":"publish","type":"product","link":"https:\/\/picogift.com\/en\/product\/hop-qua-tet-cao-cap-hoa-khai-phu-quy\/","title":{"rendered":"[H\u1ed9p Qu\u00e0 T\u1ebft 2026] Set Qu\u00e0 T\u1eb7ng T\u1ebft Cao L\u1ed9c Bi\u1ebfc Mai V\u00e0ng | Qua\u0300 T\u1eb7ng Ng\u01b0\u1eddi Th\u00e2n, \u0110\u1ed1i t\u00e1c, B\u1ea1n b\u00e8 &#8211; Pico Gift"},"content":{"rendered":"<p class=\"_04xlpA direction-ltr align-justify para-style-body\"><span class=\"JsGRdQ\"><a href=\"https:\/\/picogift.com\/wp-content\/uploads\/2022\/11\/da-xanh-loc-biec-mai-vang.mov\">da xanh- l\u1ed9c bi\u1ebfc mai v\u00e0ng<\/a><a href=\"https:\/\/picogift.com\/wp-content\/uploads\/2022\/11\/da-xanh-loc-biec-mai-vang.mov\">da xanh- l\u1ed9c bi\u1ebfc mai v\u00e0ng<\/a><\/span><\/p>\n<p><strong>[H\u1ed9p Qu\u00e0 T\u1ebft 2026] Set Qu\u00e0 T\u1eb7ng T\u1ebft L\u1ed9c Bi\u1ebfc Mai V\u00e0ng | Qua\u0300 T\u1eb7ng Ng\u01b0\u1eddi Th\u00e2n, \u0110\u1ed1i t\u00e1c, B\u1ea1n b\u00e8 &#8211; Pico Gift<\/strong><\/p>\n<p>TH\u00d4NG TIN S\u1ea2N PH\u1ea8M:<br \/>\n&#8211; Nh\u00e3n hi\u1ec7u: Pico Gift<br \/>\n&#8211; Ph\u00e2n ph\u1ed1i b\u1edfi: C\u00f4ng ty TNHH xu\u1ea5t nh\u1eadp kh\u1ea9u Pico Agriviet<br \/>\n&#8211; K\u00edch th\u01b0\u1edbc h\u1ed9p: 38*35*10<br \/>\n&#8211; Tr\u1ecdng l\u01b0\u1ee3ng: 4 kg<br \/>\n&#8211; H\u1ea1n s\u1eed d\u1ee5ng: xem tr\u00ean bao b\u00ec s\u1ea3n ph\u1ea9m<\/p>\n<p>\ud83c\udf38 H\u1ed8P QU\u00c0 L\u1ed8C BI\u1ebeT MAI V\u00c0NG<\/p>\n<ul>\n<li><span class=\"a_GcMg font-feature-liga-off font-feature-clig-off font-feature-calt-off text-decoration-none text-strikethrough-none\">H\u1ed8P G\u1ed6 VI\u1ec0N DA<\/span><\/li>\n<li><span class=\"a_GcMg font-feature-liga-off font-feature-clig-off font-feature-calt-off text-decoration-none text-strikethrough-none\">Vang \u0110\u1ecf T\u00e2y Ban Nha Mauricio Temprannillo 14%<\/span><\/li>\n<li><span class=\"a_GcMg font-feature-liga-off font-feature-clig-off font-feature-calt-off text-decoration-none text-strikethrough-none\">H\u1ea0T D\u1eba C\u01af\u1edcI M\u1ef8 150G<\/span><\/li>\n<li><span class=\"a_GcMg font-feature-liga-off font-feature-clig-off font-feature-calt-off text-decoration-none text-strikethrough-none\">h\u1ea1t \u0111i\u1ec1u a c\u1ed3 150g<\/span><\/li>\n<li><span class=\"a_GcMg font-feature-liga-off font-feature-clig-off font-feature-calt-off text-decoration-none text-strikethrough-none\">Kh\u00f4 g\u00e0 l\u00e1 chanh 100gr<\/span><\/li>\n<li><span class=\"a_GcMg font-feature-liga-off font-feature-clig-off font-feature-calt-off text-decoration-none text-strikethrough-none\">C\u00e1 b\u1ed1ng b\u01a1 t\u1ecfi 80g<\/span><\/li>\n<li><span class=\"a_GcMg font-feature-liga-off font-feature-clig-off font-feature-calt-off text-decoration-none text-strikethrough-none\">M\u1ee9t g\u1eebng vi\u00ean 150g<\/span><\/li>\n<li><span class=\"a_GcMg font-feature-liga-off font-feature-clig-off font-feature-calt-off text-decoration-none text-strikethrough-none\">Kh\u00f4 b\u00f2 100g<\/span><\/li>\n<\/ul>\n<p>&#8212;&#8212;&#8212;&#8212;&#8212;&#8212;&#8212;&#8212;&#8212;&#8212;&#8212;&#8212;-<br \/>\nH\u01af\u1edaNG D\u1eaaN S\u1eec D\u1ee4NG:<br \/>\n&#8211; Xem tr\u00ean bao b\u00ec s\u1ea3n ph\u1ea9m<\/p>\n<p>H\u01af\u1ee0NG D\u1eaaN B\u1ea2O QU\u1ea2N:<br \/>\n&#8211; \u0110\u1ec3 trong h\u0169 k\u00edn, n\u01a1i kh\u00f4 r\u00e1o, tho\u00e1ng m\u00e1t, c\u1ea5t trong ng\u0103n m\u00e1t t\u1ee7 l\u1ea1nh .<br \/>\n&#8212;&#8212;&#8212;&#8212;&#8212;&#8212;<br \/>\n&gt;&gt; \u0110\u1eb6T H\u00c0NG L\u00c0M QU\u00c0 T\u1eb6NG DOANH NGHI\u1ec6P LI\u00caN H\u1ec6: 0909.045.950<br \/>\n#hopqua #hopquatet #hopquatet2025 #hopquatetatty #setquatang #quatangcaocap #setquatet #quatetcaocap #quatetdoanhnghiep #hopqua #hopquatetcanhan #hopquatetdoanhnghiep #tet #locbiecmmaivang #hopquahoa<\/p>","protected":false},"excerpt":{"rendered":"<p>da xanh- l\u1ed9c bi\u1ebfc mai v\u00e0ngda xanh- l\u1ed9c bi\u1ebfc mai v\u00e0ng [H\u1ed9p Qu\u00e0 T\u1ebft 2026] Set Qu\u00e0 T\u1eb7ng T\u1ebft L\u1ed9c Bi\u1ebfc Mai V\u00e0ng | Qua\u0300 T\u1eb7ng Ng\u01b0\u1eddi Th\u00e2n, \u0110\u1ed1i t\u00e1c, B\u1ea1n b\u00e8 &#8211; Pico Gift TH\u00d4NG TIN S\u1ea2N PH\u1ea8M: &#8211; Nh\u00e3n hi\u1ec7u: Pico Gift &#8211; Ph\u00e2n ph\u1ed1i b\u1edfi: C\u00f4ng ty TNHH xu\u1ea5t nh\u1eadp kh\u1ea9u Pico [&hellip;]<\/p>","protected":false},"featured_media":2803,"comment_status":"open","ping_status":"closed","template":"","meta":[],"product_cat":[75],"product_tag":[70,80,76,77,78,79,74],"yoast_head":"<!-- This site is optimized with the Yoast SEO Premium plugin v15.5 - https:\/\/yoast.com\/wordpress\/plugins\/seo\/ -->\n<title>[H\u1ed9p Qu\u00e0 T\u1ebft 2026] Set Qu\u00e0 T\u1eb7ng T\u1ebft Cao L\u1ed9c Bi\u1ebfc Mai V\u00e0ng | Qua\u0300 T\u1eb7ng Ng\u01b0\u1eddi Th\u00e2n, \u0110\u1ed1i t\u00e1c, B\u1ea1n b\u00e8 - Pico Gift - Pico Gift<\/title>\n<meta name=\"description\" content=\"Pico Gift chuy\u00ean t\u01b0 v\u1ea5n v\u00e0 cung c\u1ea5p c\u00e1c gi\u1ea3i ph\u00e1p qu\u00e0 t\u1eb7ng cho c\u00e1 nh\u00e2n v\u00e0 doanh nghi\u1ec7p. Ch\u00fang t\u00f4i cung c\u1ea5p qu\u00e0 t\u1eb7ng t\u1ebft, qu\u00e0 t\u1eb7ng ng\u00e0y l\u1ec5 v\u00e0 c\u00e1c s\u1ef1 ki\u1ec7n trong n\u0103m.\" \/>\n<meta name=\"robots\" content=\"index, follow, max-snippet:-1, max-image-preview:large, max-video-preview:-1\" \/>\n<link rel=\"canonical\" href=\"https:\/\/picogift.com\/en\/product\/hop-qua-tet-cao-cap-hoa-khai-phu-quy\/\" \/>\n<meta property=\"og:locale\" content=\"en_US\" \/>\n<meta property=\"og:type\" content=\"article\" \/>\n<meta property=\"og:title\" content=\"[H\u1ed9p Qu\u00e0 T\u1ebft 2026] Set Qu\u00e0 T\u1eb7ng T\u1ebft Cao L\u1ed9c Bi\u1ebfc Mai V\u00e0ng | Qua\u0300 T\u1eb7ng Ng\u01b0\u1eddi Th\u00e2n, \u0110\u1ed1i t\u00e1c, B\u1ea1n b\u00e8 - Pico Gift - Pico Gift\" \/>\n<meta property=\"og:description\" content=\"Pico Gift chuy\u00ean t\u01b0 v\u1ea5n v\u00e0 cung c\u1ea5p c\u00e1c gi\u1ea3i ph\u00e1p qu\u00e0 t\u1eb7ng cho c\u00e1 nh\u00e2n v\u00e0 doanh nghi\u1ec7p. Ch\u00fang t\u00f4i cung c\u1ea5p qu\u00e0 t\u1eb7ng t\u1ebft, qu\u00e0 t\u1eb7ng ng\u00e0y l\u1ec5 v\u00e0 c\u00e1c s\u1ef1 ki\u1ec7n trong n\u0103m.\" \/>\n<meta property=\"og:url\" content=\"https:\/\/picogift.com\/en\/product\/hop-qua-tet-cao-cap-hoa-khai-phu-quy\/\" \/>\n<meta property=\"og:site_name\" content=\"Pico Gift\" \/>\n<meta property=\"article:publisher\" content=\"https:\/\/www.facebook.com\/Quatangpicogift\/\" \/>\n<meta property=\"article:modified_time\" content=\"2025-12-09T15:01:09+00:00\" \/>\n<meta property=\"og:image\" content=\"https:\/\/picogift.com\/wp-content\/uploads\/2022\/11\/HKPQ-1-1024x1024.png\" \/>\n\t<meta property=\"og:image:width\" content=\"1024\" \/>\n\t<meta property=\"og:image:height\" content=\"1024\" \/>\n<meta name=\"twitter:card\" content=\"summary_large_image\" \/>\n<meta name=\"twitter:label1\" content=\"Est. reading time\">\n\t<meta name=\"twitter:data1\" content=\"1 minute\">\n<script type=\"application\/ld+json\" class=\"yoast-schema-graph\">{\"@context\":\"https:\/\/schema.org\",\"@graph\":[{\"@type\":\"Organization\",\"@id\":\"https:\/\/picogift.com\/#organization\",\"name\":\"Pico Gift\",\"url\":\"https:\/\/picogift.com\/\",\"sameAs\":[\"https:\/\/www.facebook.com\/Quatangpicogift\/\"],\"logo\":{\"@type\":\"ImageObject\",\"@id\":\"https:\/\/picogift.com\/#logo\",\"inLanguage\":\"en-US\",\"url\":\"https:\/\/picogift.com\/wp-content\/uploads\/2022\/07\/0-pico-gift-logo.png\",\"width\":513,\"height\":512,\"caption\":\"Pico Gift\"},\"image\":{\"@id\":\"https:\/\/picogift.com\/#logo\"}},{\"@type\":\"WebSite\",\"@id\":\"https:\/\/picogift.com\/#website\",\"url\":\"https:\/\/picogift.com\/\",\"name\":\"Pico Gift\",\"description\":\"Gi\\u1ea3i Ph\\u00e1p Qu\\u00e0 T\\u1eb7ng Cho Doanh Nghi\\u1ec7p\",\"publisher\":{\"@id\":\"https:\/\/picogift.com\/#organization\"},\"potentialAction\":[{\"@type\":\"SearchAction\",\"target\":\"https:\/\/picogift.com\/?s={search_term_string}\",\"query-input\":\"required name=search_term_string\"}],\"inLanguage\":\"en-US\"},{\"@type\":\"ImageObject\",\"@id\":\"https:\/\/picogift.com\/san-pham\/hop-qua-tet-cao-cap-hoa-khai-phu-quy\/#primaryimage\",\"inLanguage\":\"en-US\",\"url\":\"https:\/\/picogift.com\/wp-content\/uploads\/2022\/11\/HKPQ-1.png\",\"width\":1080,\"height\":1080},{\"@type\":\"WebPage\",\"@id\":\"https:\/\/picogift.com\/san-pham\/hop-qua-tet-cao-cap-hoa-khai-phu-quy\/#webpage\",\"url\":\"https:\/\/picogift.com\/san-pham\/hop-qua-tet-cao-cap-hoa-khai-phu-quy\/\",\"name\":\"[H\\u1ed9p Qu\\u00e0 T\\u1ebft 2026] Set Qu\\u00e0 T\\u1eb7ng T\\u1ebft Cao L\\u1ed9c Bi\\u1ebfc Mai V\\u00e0ng | Qua\\u0300 T\\u1eb7ng Ng\\u01b0\\u1eddi Th\\u00e2n, \\u0110\\u1ed1i t\\u00e1c, B\\u1ea1n b\\u00e8 - Pico Gift - Pico Gift\",\"isPartOf\":{\"@id\":\"https:\/\/picogift.com\/#website\"},\"primaryImageOfPage\":{\"@id\":\"https:\/\/picogift.com\/san-pham\/hop-qua-tet-cao-cap-hoa-khai-phu-quy\/#primaryimage\"},\"datePublished\":\"2022-11-07T11:07:52+00:00\",\"dateModified\":\"2025-12-09T15:01:09+00:00\",\"description\":\"Pico Gift chuy\\u00ean t\\u01b0 v\\u1ea5n v\\u00e0 cung c\\u1ea5p c\\u00e1c gi\\u1ea3i ph\\u00e1p qu\\u00e0 t\\u1eb7ng cho c\\u00e1 nh\\u00e2n v\\u00e0 doanh nghi\\u1ec7p. Ch\\u00fang t\\u00f4i cung c\\u1ea5p qu\\u00e0 t\\u1eb7ng t\\u1ebft, qu\\u00e0 t\\u1eb7ng ng\\u00e0y l\\u1ec5 v\\u00e0 c\\u00e1c s\\u1ef1 ki\\u1ec7n trong n\\u0103m.\",\"inLanguage\":\"en-US\",\"potentialAction\":[{\"@type\":\"ReadAction\",\"target\":[\"https:\/\/picogift.com\/san-pham\/hop-qua-tet-cao-cap-hoa-khai-phu-quy\/\"]}]}]}<\/script>\n<!-- \/ Yoast SEO Premium plugin. -->","_links":{"self":[{"href":"https:\/\/picogift.com\/en\/wp-json\/wp\/v2\/product\/2157"}],"collection":[{"href":"https:\/\/picogift.com\/en\/wp-json\/wp\/v2\/product"}],"about":[{"href":"https:\/\/picogift.com\/en\/wp-json\/wp\/v2\/types\/product"}],"replies":[{"embeddable":true,"href":"https:\/\/picogift.com\/en\/wp-json\/wp\/v2\/comments?post=2157"}],"version-history":[{"count":4,"href":"https:\/\/picogift.com\/en\/wp-json\/wp\/v2\/product\/2157\/revisions"}],"predecessor-version":[{"id":2846,"href":"https:\/\/picogift.com\/en\/wp-json\/wp\/v2\/product\/2157\/revisions\/2846"}],"wp:featuredmedia":[{"embeddable":true,"href":"https:\/\/picogift.com\/en\/wp-json\/wp\/v2\/media\/2803"}],"wp:attachment":[{"href":"https:\/\/picogift.com\/en\/wp-json\/wp\/v2\/media?parent=2157"}],"wp:term":[{"taxonomy":"product_cat","embeddable":true,"href":"https:\/\/picogift.com\/en\/wp-json\/wp\/v2\/product_cat?post=2157"},{"taxonomy":"product_tag","embeddable":true,"href":"https:\/\/picogift.com\/en\/wp-json\/wp\/v2\/product_tag?post=2157"}],"curies":[{"name":"wp","href":"https:\/\/api.w.org\/{rel}","templated":true}]}}