{"id":2158,"date":"2022-11-07T18:11:56","date_gmt":"2022-11-07T11:11:56","guid":{"rendered":"https:\/\/picogift.com\/?post_type=product&#038;p=2158"},"modified":"2025-12-09T21:54:01","modified_gmt":"2025-12-09T14:54:01","slug":"hop-qua-tet-cat-tuong-nhu-y","status":"publish","type":"product","link":"https:\/\/picogift.com\/en\/product\/hop-qua-tet-cat-tuong-nhu-y\/","title":{"rendered":"[H\u1ed9p Qu\u00e0 T\u1ebft 2026] Set Qu\u00e0 T\u1ebft Cao C\u1ea5p C\u00e1t T\u01b0\u1eddng Nh\u01b0 \u00dd | Qua\u0300 T\u1eb7ng Doanh Nghi\u1ec7p &#8211; Pico Gift"},"content":{"rendered":"<p><strong>[H\u1ed9p Qu\u00e0 T\u1ebft 2026] Set Qu\u00e0 T\u1ebft Cao C\u1ea5p C\u00e1t T\u01b0\u1eddng Nh\u01b0 \u00dd | Qua\u0300 T\u1eb7ng Doanh Nghi\u1ec7p &#8211; Pico Gift<\/strong><\/p>\n<p>TH\u00d4NG TIN S\u1ea2N PH\u1ea8M:<br \/>\n&#8211; Nh\u00e3n hi\u1ec7u: Pico Gift<br \/>\n&#8211; Ph\u00e2n ph\u1ed1i b\u1edfi: C\u00f4ng ty TNHH xu\u1ea5t nh\u1eadp kh\u1ea9u Pico Agriviet<br \/>\n&#8211; Xu\u1ea5t s\u1ee9: Ph\u00e1p, \u00dac, M\u1ef9, Vi\u1ec7t Nam<br \/>\n&#8211; K\u00edch th\u01b0\u1edbc h\u1ed9p: 35*35*10<br \/>\n&#8211; Tr\u1ecdng l\u01b0\u1ee3ng: 4 kg<br \/>\n&#8211; H\u1ea1n s\u1eed d\u1ee5ng: xem tr\u00ean bao b\u00ec s\u1ea3n ph\u1ea9m<\/p>\n<p>SET QU\u00c0 T\u1ebeT C\u00c1T T\u01af\u1edcNG NH\u01af \u00dd 2026 &#8211; PICO GIFT<\/p>\n<p>&#8211; V\u1edbi thi\u1ebft k\u1ebf m\u00e0u \u0111\u1ecf t\u01b0\u1ee3ng tr\u01b0ng cho s\u1ef1 may m\u1eafn v\u00e0 ph\u00fac kh\u00ed, &#8220;C\u00c1T T\u01af\u1edcNG NH\u01af \u00dd&#8221; l\u00e0 l\u1eddi ch\u00fac g\u1eedi \u0111\u1ebfn Qu\u00fd kh\u00e1ch h\u00e0ng m\u1ecdi vi\u1ec7c \u0111\u1ec1u nh\u01b0 \u01b0\u1edbc nguy\u1ec7n, \u00fd m\u00e3n t\u00e2m vi\u00ean.<br \/>\n&#8211; T\u1eebng s\u1ea3n ph\u1ea9m b\u00ean trong \u0111\u01b0\u1ee3c Pico l\u1ef1a ch\u1ecdn kh\u00e9o l\u00e9o v\u00e0 k\u1ef9 l\u01b0\u1ee1ng \u0111\u1ea3m b\u1ea3o ATVSTP v\u1edbi c\u00e1c lo\u1ea1i r.\u01b0\u1ee3u, tr\u00e0, h\u1ea1t,\u2026 th\u01b0\u1ee3ng h\u1ea1ng. Pico tin r\u1eb1ng \u0111\u00e2y s\u1ebd l\u00e0 m\u00f3n qu\u00e0 ch\u1ea5t l\u01b0\u1ee3ng v\u00e0 \u00fd ngh\u0129a mang tr\u1ecdn t\u00e2m \u00fd c\u1ee7a ng\u01b0\u1eddi g\u1eedi trao \u0111\u1ebfn ng\u01b0\u1eddi nh\u1eadn.<\/p>\n<p>H\u1ed9p Qu\u00e0 T\u1eb7ng T\u1ebft C\u00c1T T\u01af\u1edcNG bao g\u1ed3m:<\/p>\n<p>SET 1:<\/p>\n<ul>\n<li><span class=\"a_GcMg font-feature-liga-off font-feature-clig-off font-feature-calt-off text-decoration-none text-strikethrough-none\">H\u1ed9p gi\u1ea5y \u00e2m d\u01b0\u01a1ng cao c\u1ea5p<\/span><\/li>\n<li><span class=\"a_GcMg font-feature-liga-off font-feature-clig-off font-feature-calt-off text-decoration-none text-strikethrough-none\">Vang \u0110\u1ecf T\u00e2y Ban Nha Mauricio<\/span><\/li>\n<li><span class=\"a_GcMg font-feature-liga-off font-feature-clig-off font-feature-calt-off text-decoration-none text-strikethrough-none\">Xo\u00e0i s\u1ea5y d\u1ebbo 180gr<\/span><\/li>\n<li><span class=\"a_GcMg font-feature-liga-off font-feature-clig-off font-feature-calt-off text-decoration-none text-strikethrough-none\">Kh\u00f4 g\u00e0 l\u00e1 chanh 100gr<\/span><\/li>\n<li><span class=\"a_GcMg font-feature-liga-off font-feature-clig-off font-feature-calt-off text-decoration-none text-strikethrough-none\">T\u00e1o \u0111\u1ecf 150gr<\/span><\/li>\n<li><span class=\"a_GcMg font-feature-liga-off font-feature-clig-off font-feature-calt-off text-decoration-none text-strikethrough-none\">Nho xanh 200gr<\/span><\/li>\n<li><span class=\"a_GcMg font-feature-liga-off font-feature-clig-off font-feature-calt-off text-decoration-none text-strikethrough-none\">Tr\u00e0 t\u00fai l\u1ecdc \u00d4 Long CJ<\/span><\/li>\n<\/ul>\n<p>SET 2:<\/p>\n<ul>\n<li><span class=\"a_GcMg font-feature-liga-off font-feature-clig-off font-feature-calt-off text-decoration-none text-strikethrough-none\">H\u1ed9p gi\u1ea5y \u00e2m d\u01b0\u01a1ng cao c\u1ea5p<\/span><\/li>\n<li><span class=\"a_GcMg font-feature-liga-off font-feature-clig-off font-feature-calt-off text-decoration-none text-strikethrough-none\">Vang \u0110\u1ecf<\/span> <span class=\"a_GcMg font-feature-liga-off font-feature-clig-off font-feature-calt-off text-decoration-none text-strikethrough-none\">Mauricio<\/span><\/li>\n<li><span class=\"a_GcMg font-feature-liga-off font-feature-clig-off font-feature-calt-off text-decoration-none text-strikethrough-none\">h\u1ea0NH NH\u00c2N RANG B\u01a0 180GR<\/span><\/li>\n<li><span class=\"a_GcMg font-feature-liga-off font-feature-clig-off font-feature-calt-off text-decoration-none text-strikethrough-none\">nHO XANH 200GR<\/span><\/li>\n<li><span class=\"a_GcMg font-feature-liga-off font-feature-clig-off font-feature-calt-off text-decoration-none text-strikethrough-none\">Xo\u00e0i s\u1ea5y d\u1ebbo 180gr<\/span><\/li>\n<li><span class=\"a_GcMg font-feature-liga-off font-feature-clig-off font-feature-calt-off text-decoration-none text-strikethrough-none\">T\u00e1o \u0111\u1ecf 150gr<\/span><\/li>\n<li><span class=\"a_GcMg font-feature-liga-off font-feature-clig-off font-feature-calt-off text-decoration-none text-strikethrough-none\">Kh\u00f4 g\u00e0 l\u00e1 chanh 100gr<\/span><\/li>\n<li><span class=\"a_GcMg font-feature-liga-off font-feature-clig-off font-feature-calt-off text-decoration-none text-strikethrough-none\">C\u00c1 B\u1ed0NG B\u01a0 T\u1eceI 80GR<\/span><\/li>\n<\/ul>\n<p>&#8212;&#8212;&#8212;&#8212;&#8212;&#8212;&#8212;&#8212;&#8212;&#8212;&#8212;&#8212;-<br \/>\nH\u01af\u1edaNG D\u1eaaN S\u1eec D\u1ee4NG:<br \/>\n&#8211; Xem tr\u00ean bao b\u00ec s\u1ea3n ph\u1ea9m<\/p>\n<p>H\u01af\u1ee0NG D\u1eaaN B\u1ea2O QU\u1ea2N:<br \/>\n&#8211; \u0110\u1ec3 trong h\u0169 k\u00edn, n\u01a1i kh\u00f4 r\u00e1o, tho\u00e1ng m\u00e1t, gi\u1eef trong ng\u0103n m\u00e1t t\u1ee7 l\u1ea1nh.<br \/>\n&#8212;&#8212;&#8212;&#8212;&#8212;&#8212;<br \/>\n&gt;&gt; \u0110\u1eb6T H\u00c0NG L\u00c0M QU\u00c0 T\u1eb6NG DOANH NGHI\u1ec6P LI\u00caN H\u1ec6: 0909.045.950<br \/>\n#hopqua #hopquatet #hopquatet2025 #hopquatetatty #setquatang #quatangcaocap #setquatet #quatetcaocap #quatetdoanhnghiep #hopqua #hopquatetcanhan #hopquatetdoanhnghiep #tet #hoakhaiphuquy #hopquahoa<\/p>","protected":false},"excerpt":{"rendered":"<p>[H\u1ed9p Qu\u00e0 T\u1ebft 2026] Set Qu\u00e0 T\u1ebft Cao C\u1ea5p C\u00e1t T\u01b0\u1eddng Nh\u01b0 \u00dd | Qua\u0300 T\u1eb7ng Doanh Nghi\u1ec7p &#8211; Pico Gift TH\u00d4NG TIN S\u1ea2N PH\u1ea8M: &#8211; Nh\u00e3n hi\u1ec7u: Pico Gift &#8211; Ph\u00e2n ph\u1ed1i b\u1edfi: C\u00f4ng ty TNHH xu\u1ea5t nh\u1eadp kh\u1ea9u Pico Agriviet &#8211; Xu\u1ea5t s\u1ee9: Ph\u00e1p, \u00dac, M\u1ef9, Vi\u1ec7t Nam &#8211; K\u00edch th\u01b0\u1edbc h\u1ed9p: 35*35*10 [&hellip;]<\/p>","protected":false},"featured_media":2842,"comment_status":"open","ping_status":"closed","template":"","meta":[],"product_cat":[75],"product_tag":[70,72,73,71,76,77,78,113,114,74],"yoast_head":"<!-- This site is optimized with the Yoast SEO Premium plugin v15.5 - https:\/\/yoast.com\/wordpress\/plugins\/seo\/ -->\n<title>[H\u1ed9p Qu\u00e0 T\u1ebft 2026] Set Qu\u00e0 T\u1ebft Cao C\u1ea5p C\u00e1t T\u01b0\u1eddng Nh\u01b0 \u00dd | Qua\u0300 T\u1eb7ng Doanh Nghi\u1ec7p - Pico Gift - Pico Gift<\/title>\n<meta name=\"description\" content=\"Pico Gift chuy\u00ean t\u01b0 v\u1ea5n v\u00e0 cung c\u1ea5p c\u00e1c gi\u1ea3i ph\u00e1p qu\u00e0 t\u1eb7ng cho c\u00e1 nh\u00e2n v\u00e0 doanh nghi\u1ec7p. Ch\u00fang t\u00f4i cung c\u1ea5p qu\u00e0 t\u1eb7ng t\u1ebft, qu\u00e0 t\u1eb7ng ng\u00e0y l\u1ec5 v\u00e0 c\u00e1c s\u1ef1 ki\u1ec7n trong n\u0103m.\" \/>\n<meta name=\"robots\" content=\"index, follow, max-snippet:-1, max-image-preview:large, max-video-preview:-1\" \/>\n<link rel=\"canonical\" href=\"https:\/\/picogift.com\/en\/product\/hop-qua-tet-cat-tuong-nhu-y\/\" \/>\n<meta property=\"og:locale\" content=\"en_US\" \/>\n<meta property=\"og:type\" content=\"article\" \/>\n<meta property=\"og:title\" content=\"[H\u1ed9p Qu\u00e0 T\u1ebft 2026] Set Qu\u00e0 T\u1ebft Cao C\u1ea5p C\u00e1t T\u01b0\u1eddng Nh\u01b0 \u00dd | Qua\u0300 T\u1eb7ng Doanh Nghi\u1ec7p - Pico Gift - Pico Gift\" \/>\n<meta property=\"og:description\" content=\"Pico Gift chuy\u00ean t\u01b0 v\u1ea5n v\u00e0 cung c\u1ea5p c\u00e1c gi\u1ea3i ph\u00e1p qu\u00e0 t\u1eb7ng cho c\u00e1 nh\u00e2n v\u00e0 doanh nghi\u1ec7p. Ch\u00fang t\u00f4i cung c\u1ea5p qu\u00e0 t\u1eb7ng t\u1ebft, qu\u00e0 t\u1eb7ng ng\u00e0y l\u1ec5 v\u00e0 c\u00e1c s\u1ef1 ki\u1ec7n trong n\u0103m.\" \/>\n<meta property=\"og:url\" content=\"https:\/\/picogift.com\/en\/product\/hop-qua-tet-cat-tuong-nhu-y\/\" \/>\n<meta property=\"og:site_name\" content=\"Pico Gift\" \/>\n<meta property=\"article:publisher\" content=\"https:\/\/www.facebook.com\/Quatangpicogift\/\" \/>\n<meta property=\"article:modified_time\" content=\"2025-12-09T14:54:01+00:00\" \/>\n<meta property=\"og:image\" content=\"https:\/\/picogift.com\/wp-content\/uploads\/2022\/11\/HKPQ-11-1024x1024.png\" \/>\n\t<meta property=\"og:image:width\" content=\"1024\" \/>\n\t<meta property=\"og:image:height\" content=\"1024\" \/>\n<meta name=\"twitter:card\" content=\"summary_large_image\" \/>\n<meta name=\"twitter:label1\" content=\"Est. reading time\">\n\t<meta name=\"twitter:data1\" content=\"2 minutes\">\n<script type=\"application\/ld+json\" class=\"yoast-schema-graph\">{\"@context\":\"https:\/\/schema.org\",\"@graph\":[{\"@type\":\"Organization\",\"@id\":\"https:\/\/picogift.com\/#organization\",\"name\":\"Pico Gift\",\"url\":\"https:\/\/picogift.com\/\",\"sameAs\":[\"https:\/\/www.facebook.com\/Quatangpicogift\/\"],\"logo\":{\"@type\":\"ImageObject\",\"@id\":\"https:\/\/picogift.com\/#logo\",\"inLanguage\":\"en-US\",\"url\":\"https:\/\/picogift.com\/wp-content\/uploads\/2022\/07\/0-pico-gift-logo.png\",\"width\":513,\"height\":512,\"caption\":\"Pico Gift\"},\"image\":{\"@id\":\"https:\/\/picogift.com\/#logo\"}},{\"@type\":\"WebSite\",\"@id\":\"https:\/\/picogift.com\/#website\",\"url\":\"https:\/\/picogift.com\/\",\"name\":\"Pico Gift\",\"description\":\"Gi\\u1ea3i Ph\\u00e1p Qu\\u00e0 T\\u1eb7ng Cho Doanh Nghi\\u1ec7p\",\"publisher\":{\"@id\":\"https:\/\/picogift.com\/#organization\"},\"potentialAction\":[{\"@type\":\"SearchAction\",\"target\":\"https:\/\/picogift.com\/?s={search_term_string}\",\"query-input\":\"required name=search_term_string\"}],\"inLanguage\":\"en-US\"},{\"@type\":\"ImageObject\",\"@id\":\"https:\/\/picogift.com\/san-pham\/hop-qua-tet-cat-tuong-nhu-y\/#primaryimage\",\"inLanguage\":\"en-US\",\"url\":\"https:\/\/picogift.com\/wp-content\/uploads\/2022\/11\/HKPQ-11.png\",\"width\":1080,\"height\":1080},{\"@type\":\"WebPage\",\"@id\":\"https:\/\/picogift.com\/san-pham\/hop-qua-tet-cat-tuong-nhu-y\/#webpage\",\"url\":\"https:\/\/picogift.com\/san-pham\/hop-qua-tet-cat-tuong-nhu-y\/\",\"name\":\"[H\\u1ed9p Qu\\u00e0 T\\u1ebft 2026] Set Qu\\u00e0 T\\u1ebft Cao C\\u1ea5p C\\u00e1t T\\u01b0\\u1eddng Nh\\u01b0 \\u00dd | Qua\\u0300 T\\u1eb7ng Doanh Nghi\\u1ec7p - Pico Gift - Pico Gift\",\"isPartOf\":{\"@id\":\"https:\/\/picogift.com\/#website\"},\"primaryImageOfPage\":{\"@id\":\"https:\/\/picogift.com\/san-pham\/hop-qua-tet-cat-tuong-nhu-y\/#primaryimage\"},\"datePublished\":\"2022-11-07T11:11:56+00:00\",\"dateModified\":\"2025-12-09T14:54:01+00:00\",\"description\":\"Pico Gift chuy\\u00ean t\\u01b0 v\\u1ea5n v\\u00e0 cung c\\u1ea5p c\\u00e1c gi\\u1ea3i ph\\u00e1p qu\\u00e0 t\\u1eb7ng cho c\\u00e1 nh\\u00e2n v\\u00e0 doanh nghi\\u1ec7p. Ch\\u00fang t\\u00f4i cung c\\u1ea5p qu\\u00e0 t\\u1eb7ng t\\u1ebft, qu\\u00e0 t\\u1eb7ng ng\\u00e0y l\\u1ec5 v\\u00e0 c\\u00e1c s\\u1ef1 ki\\u1ec7n trong n\\u0103m.\",\"inLanguage\":\"en-US\",\"potentialAction\":[{\"@type\":\"ReadAction\",\"target\":[\"https:\/\/picogift.com\/san-pham\/hop-qua-tet-cat-tuong-nhu-y\/\"]}]}]}<\/script>\n<!-- \/ Yoast SEO Premium plugin. -->","_links":{"self":[{"href":"https:\/\/picogift.com\/en\/wp-json\/wp\/v2\/product\/2158"}],"collection":[{"href":"https:\/\/picogift.com\/en\/wp-json\/wp\/v2\/product"}],"about":[{"href":"https:\/\/picogift.com\/en\/wp-json\/wp\/v2\/types\/product"}],"replies":[{"embeddable":true,"href":"https:\/\/picogift.com\/en\/wp-json\/wp\/v2\/comments?post=2158"}],"version-history":[{"count":3,"href":"https:\/\/picogift.com\/en\/wp-json\/wp\/v2\/product\/2158\/revisions"}],"predecessor-version":[{"id":2844,"href":"https:\/\/picogift.com\/en\/wp-json\/wp\/v2\/product\/2158\/revisions\/2844"}],"wp:featuredmedia":[{"embeddable":true,"href":"https:\/\/picogift.com\/en\/wp-json\/wp\/v2\/media\/2842"}],"wp:attachment":[{"href":"https:\/\/picogift.com\/en\/wp-json\/wp\/v2\/media?parent=2158"}],"wp:term":[{"taxonomy":"product_cat","embeddable":true,"href":"https:\/\/picogift.com\/en\/wp-json\/wp\/v2\/product_cat?post=2158"},{"taxonomy":"product_tag","embeddable":true,"href":"https:\/\/picogift.com\/en\/wp-json\/wp\/v2\/product_tag?post=2158"}],"curies":[{"name":"wp","href":"https:\/\/api.w.org\/{rel}","templated":true}]}}