{"id":2166,"date":"2022-11-08T08:37:37","date_gmt":"2022-11-08T01:37:37","guid":{"rendered":"https:\/\/picogift.com\/?post_type=product&#038;p=2166"},"modified":"2024-10-15T06:49:43","modified_gmt":"2024-10-14T23:49:43","slug":"hop-qua-cao-cap-cho-ngay-le","status":"publish","type":"product","link":"https:\/\/picogift.com\/en\/product\/hop-qua-cao-cap-cho-ngay-le\/","title":{"rendered":"H\u1ed9p Qu\u00e0 T\u1eb7ng Cao C\u1ea5p"},"content":{"rendered":"<p>H\u1ed9p Qu\u00e0 T\u1eb7ng Cao C\u1ea5p<\/p>\n<p>TH\u00d4NG TIN S\u1ea2N PH\u1ea8M:<br \/>\n&#8211; Nh\u00e3n hi\u1ec7u: Pico Gift<br \/>\n&#8211; Ph\u00e2n ph\u1ed1i b\u1edfi: C\u00f4ng ty TNHH Xu\u1ea5t Nh\u1eadp Kh\u1ea9u Pico Agriviet<br \/>\n&#8211; K\u00edch th\u01b0\u1edbc h\u1ed9p: 22*28*9<\/p>\n<p>&nbsp;<\/p>","protected":false},"excerpt":{"rendered":"<p>H\u1ed9p Qu\u00e0 T\u1eb7ng Cao C\u1ea5p TH\u00d4NG TIN S\u1ea2N PH\u1ea8M: &#8211; Nh\u00e3n hi\u1ec7u: Pico Gift &#8211; Ph\u00e2n ph\u1ed1i b\u1edfi: C\u00f4ng ty TNHH Xu\u1ea5t Nh\u1eadp Kh\u1ea9u Pico Agriviet &#8211; K\u00edch th\u01b0\u1edbc h\u1ed9p: 22*28*9 &nbsp;<\/p>","protected":false},"featured_media":2282,"comment_status":"open","ping_status":"closed","template":"","meta":[],"product_cat":[75],"product_tag":[70,72,73,81,71,80,82,76,77,78,79,74,83],"yoast_head":"<!-- This site is optimized with the Yoast SEO Premium plugin v15.5 - https:\/\/yoast.com\/wordpress\/plugins\/seo\/ -->\n<title>H\u1ed9p Qu\u00e0 T\u1eb7ng Cao C\u1ea5p - Pico Gift<\/title>\n<meta name=\"description\" content=\"Pico Gift chuy\u00ean t\u01b0 v\u1ea5n v\u00e0 cung c\u1ea5p c\u00e1c gi\u1ea3i ph\u00e1p qu\u00e0 t\u1eb7ng cho c\u00e1 nh\u00e2n v\u00e0 doanh nghi\u1ec7p. Ch\u00fang t\u00f4i cung c\u1ea5p qu\u00e0 t\u1eb7ng t\u1ebft, qu\u00e0 t\u1eb7ng ng\u00e0y l\u1ec5 v\u00e0 c\u00e1c s\u1ef1 ki\u1ec7n trong n\u0103m.\" \/>\n<meta name=\"robots\" content=\"index, follow, max-snippet:-1, max-image-preview:large, max-video-preview:-1\" \/>\n<link rel=\"canonical\" href=\"https:\/\/picogift.com\/en\/product\/hop-qua-cao-cap-cho-ngay-le\/\" \/>\n<meta property=\"og:locale\" content=\"en_US\" \/>\n<meta property=\"og:type\" content=\"article\" \/>\n<meta property=\"og:title\" content=\"H\u1ed9p Qu\u00e0 T\u1eb7ng Cao C\u1ea5p - Pico Gift\" \/>\n<meta property=\"og:description\" content=\"Pico Gift chuy\u00ean t\u01b0 v\u1ea5n v\u00e0 cung c\u1ea5p c\u00e1c gi\u1ea3i ph\u00e1p qu\u00e0 t\u1eb7ng cho c\u00e1 nh\u00e2n v\u00e0 doanh nghi\u1ec7p. Ch\u00fang t\u00f4i cung c\u1ea5p qu\u00e0 t\u1eb7ng t\u1ebft, qu\u00e0 t\u1eb7ng ng\u00e0y l\u1ec5 v\u00e0 c\u00e1c s\u1ef1 ki\u1ec7n trong n\u0103m.\" \/>\n<meta property=\"og:url\" content=\"https:\/\/picogift.com\/en\/product\/hop-qua-cao-cap-cho-ngay-le\/\" \/>\n<meta property=\"og:site_name\" content=\"Pico Gift\" \/>\n<meta property=\"article:publisher\" content=\"https:\/\/www.facebook.com\/Quatangpicogift\/\" \/>\n<meta property=\"article:modified_time\" content=\"2024-10-14T23:49:43+00:00\" \/>\n<meta property=\"og:image\" content=\"https:\/\/picogift.com\/wp-content\/uploads\/2022\/11\/z3801354816778_280448d54a685e2e038dc3d3f04c5cc0.jpg\" \/>\n\t<meta property=\"og:image:width\" content=\"1200\" \/>\n\t<meta property=\"og:image:height\" content=\"1200\" \/>\n<meta name=\"twitter:card\" content=\"summary_large_image\" \/>\n<meta name=\"twitter:label1\" content=\"Est. reading time\">\n\t<meta name=\"twitter:data1\" content=\"0 minutes\">\n<script type=\"application\/ld+json\" class=\"yoast-schema-graph\">{\"@context\":\"https:\/\/schema.org\",\"@graph\":[{\"@type\":\"Organization\",\"@id\":\"https:\/\/picogift.com\/#organization\",\"name\":\"Pico Gift\",\"url\":\"https:\/\/picogift.com\/\",\"sameAs\":[\"https:\/\/www.facebook.com\/Quatangpicogift\/\"],\"logo\":{\"@type\":\"ImageObject\",\"@id\":\"https:\/\/picogift.com\/#logo\",\"inLanguage\":\"en-US\",\"url\":\"https:\/\/picogift.com\/wp-content\/uploads\/2022\/07\/0-pico-gift-logo.png\",\"width\":513,\"height\":512,\"caption\":\"Pico Gift\"},\"image\":{\"@id\":\"https:\/\/picogift.com\/#logo\"}},{\"@type\":\"WebSite\",\"@id\":\"https:\/\/picogift.com\/#website\",\"url\":\"https:\/\/picogift.com\/\",\"name\":\"Pico Gift\",\"description\":\"Gi\\u1ea3i Ph\\u00e1p Qu\\u00e0 T\\u1eb7ng Cho Doanh Nghi\\u1ec7p\",\"publisher\":{\"@id\":\"https:\/\/picogift.com\/#organization\"},\"potentialAction\":[{\"@type\":\"SearchAction\",\"target\":\"https:\/\/picogift.com\/?s={search_term_string}\",\"query-input\":\"required name=search_term_string\"}],\"inLanguage\":\"en-US\"},{\"@type\":\"ImageObject\",\"@id\":\"https:\/\/picogift.com\/san-pham\/hop-qua-cao-cap-cho-ngay-le\/#primaryimage\",\"inLanguage\":\"en-US\",\"url\":\"https:\/\/picogift.com\/wp-content\/uploads\/2022\/11\/z3801354816778_280448d54a685e2e038dc3d3f04c5cc0.jpg\",\"width\":1200,\"height\":1200},{\"@type\":\"WebPage\",\"@id\":\"https:\/\/picogift.com\/san-pham\/hop-qua-cao-cap-cho-ngay-le\/#webpage\",\"url\":\"https:\/\/picogift.com\/san-pham\/hop-qua-cao-cap-cho-ngay-le\/\",\"name\":\"H\\u1ed9p Qu\\u00e0 T\\u1eb7ng Cao C\\u1ea5p - Pico Gift\",\"isPartOf\":{\"@id\":\"https:\/\/picogift.com\/#website\"},\"primaryImageOfPage\":{\"@id\":\"https:\/\/picogift.com\/san-pham\/hop-qua-cao-cap-cho-ngay-le\/#primaryimage\"},\"datePublished\":\"2022-11-08T01:37:37+00:00\",\"dateModified\":\"2024-10-14T23:49:43+00:00\",\"description\":\"Pico Gift chuy\\u00ean t\\u01b0 v\\u1ea5n v\\u00e0 cung c\\u1ea5p c\\u00e1c gi\\u1ea3i ph\\u00e1p qu\\u00e0 t\\u1eb7ng cho c\\u00e1 nh\\u00e2n v\\u00e0 doanh nghi\\u1ec7p. Ch\\u00fang t\\u00f4i cung c\\u1ea5p qu\\u00e0 t\\u1eb7ng t\\u1ebft, qu\\u00e0 t\\u1eb7ng ng\\u00e0y l\\u1ec5 v\\u00e0 c\\u00e1c s\\u1ef1 ki\\u1ec7n trong n\\u0103m.\",\"inLanguage\":\"en-US\",\"potentialAction\":[{\"@type\":\"ReadAction\",\"target\":[\"https:\/\/picogift.com\/san-pham\/hop-qua-cao-cap-cho-ngay-le\/\"]}]}]}<\/script>\n<!-- \/ Yoast SEO Premium plugin. -->","_links":{"self":[{"href":"https:\/\/picogift.com\/en\/wp-json\/wp\/v2\/product\/2166"}],"collection":[{"href":"https:\/\/picogift.com\/en\/wp-json\/wp\/v2\/product"}],"about":[{"href":"https:\/\/picogift.com\/en\/wp-json\/wp\/v2\/types\/product"}],"replies":[{"embeddable":true,"href":"https:\/\/picogift.com\/en\/wp-json\/wp\/v2\/comments?post=2166"}],"version-history":[{"count":1,"href":"https:\/\/picogift.com\/en\/wp-json\/wp\/v2\/product\/2166\/revisions"}],"predecessor-version":[{"id":2286,"href":"https:\/\/picogift.com\/en\/wp-json\/wp\/v2\/product\/2166\/revisions\/2286"}],"wp:featuredmedia":[{"embeddable":true,"href":"https:\/\/picogift.com\/en\/wp-json\/wp\/v2\/media\/2282"}],"wp:attachment":[{"href":"https:\/\/picogift.com\/en\/wp-json\/wp\/v2\/media?parent=2166"}],"wp:term":[{"taxonomy":"product_cat","embeddable":true,"href":"https:\/\/picogift.com\/en\/wp-json\/wp\/v2\/product_cat?post=2166"},{"taxonomy":"product_tag","embeddable":true,"href":"https:\/\/picogift.com\/en\/wp-json\/wp\/v2\/product_tag?post=2166"}],"curies":[{"name":"wp","href":"https:\/\/api.w.org\/{rel}","templated":true}]}}