{"id":2820,"date":"2025-12-09T04:56:00","date_gmt":"2025-12-08T21:56:00","guid":{"rendered":"https:\/\/picogift.com\/?post_type=product&#038;p=2820"},"modified":"2025-12-09T21:41:10","modified_gmt":"2025-12-09T14:41:10","slug":"hop-qua-tet-2026-set-qua-tang-tet-cao-cap-ma-dao-thanh-cong-qua-tang-nguoi-than-doi-tac-ban-be-pico-gift","status":"publish","type":"product","link":"https:\/\/picogift.com\/en\/product\/hop-qua-tet-2026-set-qua-tang-tet-cao-cap-ma-dao-thanh-cong-qua-tang-nguoi-than-doi-tac-ban-be-pico-gift\/","title":{"rendered":"[H\u1ed9p Qu\u00e0 T\u1ebft 2026] Set Qu\u00e0 T\u1eb7ng T\u1ebft Cao C\u1ea5p &#8220;M\u00e3 \u0110\u00e1o Th\u00e0nh C\u00f4ng&#8221;| Qua\u0300 T\u1eb7ng Ng\u01b0\u1eddi Th\u00e2n, \u0110\u1ed1i t\u00e1c, B\u1ea1n b\u00e8 &#8211; Pico Gift"},"content":{"rendered":"<p>[H\u1ed9p Qu\u00e0 T\u1ebft 2026] Set Qu\u00e0 T\u1eb7ng T\u1ebft Cao C\u1ea5p &#8220;M\u00e3 \u0110\u00e1o Th\u00e0nh C\u00f4ng&#8221;| Qua\u0300 T\u1eb7ng Ng\u01b0\u1eddi Th\u00e2n, \u0110\u1ed1i t\u00e1c, B\u1ea1n b\u00e8 &#8211; Pico Gift<\/p>\n<p>TH\u00d4NG TIN S\u1ea2N PH\u1ea8M:<br \/>\n&#8211; Nh\u00e3n hi\u1ec7u: Pico Gift<br \/>\n&#8211; Ph\u00e2n ph\u1ed1i b\u1edfi: C\u00f4ng ty TNHH xu\u1ea5t nh\u1eadp kh\u1ea9u Pico Agriviet<br \/>\n&#8211; Xu\u1ea5t s\u1ee9: Ph\u00e1p, \u00dac, M\u1ef9, Vi\u1ec7t Nam<br \/>\n&#8211; K\u00edch th\u01b0\u1edbc h\u1ed9p: 38*35*10<br \/>\n&#8211; Tr\u1ecdng l\u01b0\u1ee3ng: 4 kg<br \/>\n&#8211; H\u1ea1n s\u1eed d\u1ee5ng: xem tr\u00ean bao b\u00ec s\u1ea3n ph\u1ea9m<\/p>\n<p>\ud83c\udf38 H\u1ed8P QU\u00c0 M\u00c3 \u0110\u00c1O TH\u00c0NH C\u00d4NG:<\/p>\n<ul>\n<li><span class=\"a_GcMg font-feature-liga-off font-feature-clig-off font-feature-calt-off text-decoration-none text-strikethrough-none\">H\u1ed9p gi\u1ea5y 3D Ng\u1ef1a M\u00e3 \u0110\u00e1o Th\u00e0nh C\u00f4ng<\/span><\/li>\n<li><span class=\"a_GcMg font-feature-liga-off font-feature-clig-off font-feature-calt-off text-decoration-none text-strikethrough-none\">Vang \u0110\u1ecf T\u00e2y Ban Nha Mauricio<\/span><\/li>\n<li><span class=\"a_GcMg font-feature-liga-off font-feature-clig-off font-feature-calt-off text-decoration-none text-strikethrough-none\">Xo\u00e0i s\u1ea5y d\u1ebbo 150gr<\/span><\/li>\n<li><span class=\"a_GcMg font-feature-liga-off font-feature-clig-off font-feature-calt-off text-decoration-none text-strikethrough-none\">Kh\u00f4 g\u00e0 l\u00e1 chanh 100gr<\/span><\/li>\n<li><span class=\"a_GcMg font-feature-liga-off font-feature-clig-off font-feature-calt-off text-decoration-none text-strikethrough-none\">T\u00e1o \u0111\u1ecf 130gr<\/span><\/li>\n<li><span class=\"a_GcMg font-feature-liga-off font-feature-clig-off font-feature-calt-off text-decoration-none text-strikethrough-none\">Nho xanh 150g<\/span><\/li>\n<\/ul>\n<p>&#8212;&#8212;&#8212;&#8212;&#8212;&#8212;&#8212;&#8212;&#8212;&#8212;&#8212;&#8212;-<br \/>\nH\u01af\u1edaNG D\u1eaaN S\u1eec D\u1ee4NG:<br \/>\n&#8211; Xem tr\u00ean bao b\u00ec s\u1ea3n ph\u1ea9m<\/p>\n<p>H\u01af\u1ee0NG D\u1eaaN B\u1ea2O QU\u1ea2N:<br \/>\n&#8211; \u0110\u1ec3 trong h\u0169 k\u00edn, n\u01a1i kh\u00f4 r\u00e1o, tho\u00e1ng m\u00e1t, c\u1ea5t trong ng\u0103n m\u00e1t t\u1ee7 l\u1ea1nh .<br \/>\n&#8212;&#8212;&#8212;&#8212;&#8212;&#8212;<br \/>\n&gt;&gt; \u0110\u1eb6T H\u00c0NG L\u00c0M QU\u00c0 T\u1eb6NG DOANH NGHI\u1ec6P LI\u00caN H\u1ec6: 0909.045.950<br \/>\n#hopqua #hopquatet #hopquatet2025 #hopquatetatty #setquatang #quatangcaocap #setquatet #quatetcaocap #quatetdoanhnghiep #hopqua #hopquatetcanhan #hopquatetdoanhnghiep #tet #hoakhaiphuquy #hopquahoa<\/p>","protected":false},"excerpt":{"rendered":"<p>[H\u1ed9p Qu\u00e0 T\u1ebft 2026] Set Qu\u00e0 T\u1eb7ng T\u1ebft Cao C\u1ea5p &#8220;M\u00e3 \u0110\u00e1o Th\u00e0nh C\u00f4ng&#8221;| Qua\u0300 T\u1eb7ng Ng\u01b0\u1eddi Th\u00e2n, \u0110\u1ed1i t\u00e1c, B\u1ea1n b\u00e8 &#8211; Pico Gift TH\u00d4NG TIN S\u1ea2N PH\u1ea8M: &#8211; Nh\u00e3n hi\u1ec7u: Pico Gift &#8211; Ph\u00e2n ph\u1ed1i b\u1edfi: C\u00f4ng ty TNHH xu\u1ea5t nh\u1eadp kh\u1ea9u Pico Agriviet &#8211; Xu\u1ea5t s\u1ee9: Ph\u00e1p, \u00dac, M\u1ef9, Vi\u1ec7t Nam &#8211; [&hellip;]<\/p>","protected":false},"featured_media":2834,"comment_status":"open","ping_status":"closed","template":"","meta":[],"product_cat":[75],"product_tag":[119,121,120,118,116,74,122,110],"yoast_head":"<!-- This site is optimized with the Yoast SEO Premium plugin v15.5 - https:\/\/yoast.com\/wordpress\/plugins\/seo\/ -->\n<title>[H\u1ed9p Qu\u00e0 T\u1ebft 2026] Set Qu\u00e0 T\u1eb7ng T\u1ebft Cao C\u1ea5p &quot;M\u00e3 \u0110\u00e1o Th\u00e0nh C\u00f4ng&quot;| Qua\u0300 T\u1eb7ng Ng\u01b0\u1eddi Th\u00e2n, \u0110\u1ed1i t\u00e1c, B\u1ea1n b\u00e8 - Pico Gift - Pico Gift<\/title>\n<meta name=\"robots\" content=\"index, follow, max-snippet:-1, max-image-preview:large, max-video-preview:-1\" \/>\n<link rel=\"canonical\" href=\"https:\/\/picogift.com\/en\/product\/hop-qua-tet-2026-set-qua-tang-tet-cao-cap-ma-dao-thanh-cong-qua-tang-nguoi-than-doi-tac-ban-be-pico-gift\/\" \/>\n<meta property=\"og:locale\" content=\"en_US\" \/>\n<meta property=\"og:type\" content=\"article\" \/>\n<meta property=\"og:title\" content=\"[H\u1ed9p Qu\u00e0 T\u1ebft 2026] Set Qu\u00e0 T\u1eb7ng T\u1ebft Cao C\u1ea5p &quot;M\u00e3 \u0110\u00e1o Th\u00e0nh C\u00f4ng&quot;| Qua\u0300 T\u1eb7ng Ng\u01b0\u1eddi Th\u00e2n, \u0110\u1ed1i t\u00e1c, B\u1ea1n b\u00e8 - Pico Gift - Pico Gift\" \/>\n<meta property=\"og:description\" content=\"[H\u1ed9p Qu\u00e0 T\u1ebft 2026] Set Qu\u00e0 T\u1eb7ng T\u1ebft Cao C\u1ea5p &#8220;M\u00e3 \u0110\u00e1o Th\u00e0nh C\u00f4ng&#8221;| Qua\u0300 T\u1eb7ng Ng\u01b0\u1eddi Th\u00e2n, \u0110\u1ed1i t\u00e1c, B\u1ea1n b\u00e8 &#8211; Pico Gift TH\u00d4NG TIN S\u1ea2N PH\u1ea8M: &#8211; Nh\u00e3n hi\u1ec7u: Pico Gift &#8211; Ph\u00e2n ph\u1ed1i b\u1edfi: C\u00f4ng ty TNHH xu\u1ea5t nh\u1eadp kh\u1ea9u Pico Agriviet &#8211; Xu\u1ea5t s\u1ee9: Ph\u00e1p, \u00dac, M\u1ef9, Vi\u1ec7t Nam &#8211; [&hellip;]\" \/>\n<meta property=\"og:url\" content=\"https:\/\/picogift.com\/en\/product\/hop-qua-tet-2026-set-qua-tang-tet-cao-cap-ma-dao-thanh-cong-qua-tang-nguoi-than-doi-tac-ban-be-pico-gift\/\" \/>\n<meta property=\"og:site_name\" content=\"Pico Gift\" \/>\n<meta property=\"article:publisher\" content=\"https:\/\/www.facebook.com\/Quatangpicogift\/\" \/>\n<meta property=\"article:modified_time\" content=\"2025-12-09T14:41:10+00:00\" \/>\n<meta property=\"og:image\" content=\"https:\/\/picogift.com\/wp-content\/uploads\/2025\/12\/HKPQ-13-1024x1024.png\" \/>\n\t<meta property=\"og:image:width\" content=\"1024\" \/>\n\t<meta property=\"og:image:height\" content=\"1024\" \/>\n<meta name=\"twitter:card\" content=\"summary_large_image\" \/>\n<meta name=\"twitter:label1\" content=\"Est. reading time\">\n\t<meta name=\"twitter:data1\" content=\"1 minute\">\n<script type=\"application\/ld+json\" class=\"yoast-schema-graph\">{\"@context\":\"https:\/\/schema.org\",\"@graph\":[{\"@type\":\"Organization\",\"@id\":\"https:\/\/picogift.com\/#organization\",\"name\":\"Pico Gift\",\"url\":\"https:\/\/picogift.com\/\",\"sameAs\":[\"https:\/\/www.facebook.com\/Quatangpicogift\/\"],\"logo\":{\"@type\":\"ImageObject\",\"@id\":\"https:\/\/picogift.com\/#logo\",\"inLanguage\":\"en-US\",\"url\":\"https:\/\/picogift.com\/wp-content\/uploads\/2022\/07\/0-pico-gift-logo.png\",\"width\":513,\"height\":512,\"caption\":\"Pico Gift\"},\"image\":{\"@id\":\"https:\/\/picogift.com\/#logo\"}},{\"@type\":\"WebSite\",\"@id\":\"https:\/\/picogift.com\/#website\",\"url\":\"https:\/\/picogift.com\/\",\"name\":\"Pico Gift\",\"description\":\"Gi\\u1ea3i Ph\\u00e1p Qu\\u00e0 T\\u1eb7ng Cho Doanh Nghi\\u1ec7p\",\"publisher\":{\"@id\":\"https:\/\/picogift.com\/#organization\"},\"potentialAction\":[{\"@type\":\"SearchAction\",\"target\":\"https:\/\/picogift.com\/?s={search_term_string}\",\"query-input\":\"required name=search_term_string\"}],\"inLanguage\":\"en-US\"},{\"@type\":\"ImageObject\",\"@id\":\"https:\/\/picogift.com\/san-pham\/hop-qua-tet-2026-set-qua-tang-tet-cao-cap-ma-dao-thanh-cong-qua-tang-nguoi-than-doi-tac-ban-be-pico-gift\/#primaryimage\",\"inLanguage\":\"en-US\",\"url\":\"https:\/\/picogift.com\/wp-content\/uploads\/2025\/12\/HKPQ-13.png\",\"width\":1080,\"height\":1080},{\"@type\":\"WebPage\",\"@id\":\"https:\/\/picogift.com\/san-pham\/hop-qua-tet-2026-set-qua-tang-tet-cao-cap-ma-dao-thanh-cong-qua-tang-nguoi-than-doi-tac-ban-be-pico-gift\/#webpage\",\"url\":\"https:\/\/picogift.com\/san-pham\/hop-qua-tet-2026-set-qua-tang-tet-cao-cap-ma-dao-thanh-cong-qua-tang-nguoi-than-doi-tac-ban-be-pico-gift\/\",\"name\":\"[H\\u1ed9p Qu\\u00e0 T\\u1ebft 2026] Set Qu\\u00e0 T\\u1eb7ng T\\u1ebft Cao C\\u1ea5p \\\"M\\u00e3 \\u0110\\u00e1o Th\\u00e0nh C\\u00f4ng\\\"| Qua\\u0300 T\\u1eb7ng Ng\\u01b0\\u1eddi Th\\u00e2n, \\u0110\\u1ed1i t\\u00e1c, B\\u1ea1n b\\u00e8 - Pico Gift - Pico Gift\",\"isPartOf\":{\"@id\":\"https:\/\/picogift.com\/#website\"},\"primaryImageOfPage\":{\"@id\":\"https:\/\/picogift.com\/san-pham\/hop-qua-tet-2026-set-qua-tang-tet-cao-cap-ma-dao-thanh-cong-qua-tang-nguoi-than-doi-tac-ban-be-pico-gift\/#primaryimage\"},\"datePublished\":\"2025-12-08T21:56:00+00:00\",\"dateModified\":\"2025-12-09T14:41:10+00:00\",\"inLanguage\":\"en-US\",\"potentialAction\":[{\"@type\":\"ReadAction\",\"target\":[\"https:\/\/picogift.com\/san-pham\/hop-qua-tet-2026-set-qua-tang-tet-cao-cap-ma-dao-thanh-cong-qua-tang-nguoi-than-doi-tac-ban-be-pico-gift\/\"]}]}]}<\/script>\n<!-- \/ Yoast SEO Premium plugin. -->","_links":{"self":[{"href":"https:\/\/picogift.com\/en\/wp-json\/wp\/v2\/product\/2820"}],"collection":[{"href":"https:\/\/picogift.com\/en\/wp-json\/wp\/v2\/product"}],"about":[{"href":"https:\/\/picogift.com\/en\/wp-json\/wp\/v2\/types\/product"}],"replies":[{"embeddable":true,"href":"https:\/\/picogift.com\/en\/wp-json\/wp\/v2\/comments?post=2820"}],"version-history":[{"count":3,"href":"https:\/\/picogift.com\/en\/wp-json\/wp\/v2\/product\/2820\/revisions"}],"predecessor-version":[{"id":2835,"href":"https:\/\/picogift.com\/en\/wp-json\/wp\/v2\/product\/2820\/revisions\/2835"}],"wp:featuredmedia":[{"embeddable":true,"href":"https:\/\/picogift.com\/en\/wp-json\/wp\/v2\/media\/2834"}],"wp:attachment":[{"href":"https:\/\/picogift.com\/en\/wp-json\/wp\/v2\/media?parent=2820"}],"wp:term":[{"taxonomy":"product_cat","embeddable":true,"href":"https:\/\/picogift.com\/en\/wp-json\/wp\/v2\/product_cat?post=2820"},{"taxonomy":"product_tag","embeddable":true,"href":"https:\/\/picogift.com\/en\/wp-json\/wp\/v2\/product_tag?post=2820"}],"curies":[{"name":"wp","href":"https:\/\/api.w.org\/{rel}","templated":true}]}}