{"id":3041,"date":"2025-12-10T22:50:24","date_gmt":"2025-12-10T15:50:24","guid":{"rendered":"https:\/\/picogift.com\/?post_type=product&#038;p=3041"},"modified":"2025-12-10T23:04:02","modified_gmt":"2025-12-10T16:04:02","slug":"tra-la-twinnings-earl-grey","status":"publish","type":"product","link":"https:\/\/picogift.com\/en\/product\/tra-la-twinnings-earl-grey\/","title":{"rendered":"Tr\u00e0 L\u00e1 Twinnings Earl Grey"},"content":{"rendered":"<p>Tr\u00e0 L\u00e1 Twinnings Earl Grey &#8211;\u00a0 Pico Gift<\/p>\n<p>QUY C\u00c1CH:<\/p>\n<ul>\n<li>H\u1ed9p Thi\u1ebfc : 100g<\/li>\n<\/ul>","protected":false},"excerpt":{"rendered":"<p>Tr\u00e0 L\u00e1 Twinnings Earl Grey &#8211;\u00a0 Pico Gift QUY C\u00c1CH: H\u1ed9p Thi\u1ebfc : 100g<\/p>","protected":false},"featured_media":3042,"comment_status":"open","ping_status":"closed","template":"","meta":[],"product_cat":[156],"product_tag":[151],"yoast_head":"<!-- This site is optimized with the Yoast SEO Premium plugin v15.5 - https:\/\/yoast.com\/wordpress\/plugins\/seo\/ -->\n<title>Tr\u00e0 L\u00e1 Twinnings Earl Grey - Pico Gift<\/title>\n<meta name=\"description\" content=\"Vang \u0110\u1ecf Ph\u00e1p CRC 1929 Bordeaux\" \/>\n<meta name=\"robots\" content=\"index, follow, max-snippet:-1, max-image-preview:large, max-video-preview:-1\" \/>\n<link rel=\"canonical\" href=\"https:\/\/picogift.com\/en\/product\/tra-la-twinnings-earl-grey\/\" \/>\n<meta property=\"og:locale\" content=\"en_US\" \/>\n<meta property=\"og:type\" content=\"article\" \/>\n<meta property=\"og:title\" content=\"Tr\u00e0 L\u00e1 Twinnings Earl Grey - Pico Gift\" \/>\n<meta property=\"og:description\" content=\"Vang \u0110\u1ecf Ph\u00e1p CRC 1929 Bordeaux\" \/>\n<meta property=\"og:url\" content=\"https:\/\/picogift.com\/en\/product\/tra-la-twinnings-earl-grey\/\" \/>\n<meta property=\"og:site_name\" content=\"Pico Gift\" \/>\n<meta property=\"article:publisher\" content=\"https:\/\/www.facebook.com\/Quatangpicogift\/\" \/>\n<meta property=\"article:modified_time\" content=\"2025-12-10T16:04:02+00:00\" \/>\n<meta property=\"og:image\" content=\"https:\/\/picogift.com\/wp-content\/uploads\/2025\/12\/Tra-La-Twinnings-Earl-Grey.png\" \/>\n\t<meta property=\"og:image:width\" content=\"900\" \/>\n\t<meta property=\"og:image:height\" content=\"900\" \/>\n<meta name=\"twitter:card\" content=\"summary_large_image\" \/>\n<meta name=\"twitter:label1\" content=\"Est. reading time\">\n\t<meta name=\"twitter:data1\" content=\"0 minutes\">\n<script type=\"application\/ld+json\" class=\"yoast-schema-graph\">{\"@context\":\"https:\/\/schema.org\",\"@graph\":[{\"@type\":\"Organization\",\"@id\":\"https:\/\/picogift.com\/#organization\",\"name\":\"Pico Gift\",\"url\":\"https:\/\/picogift.com\/\",\"sameAs\":[\"https:\/\/www.facebook.com\/Quatangpicogift\/\"],\"logo\":{\"@type\":\"ImageObject\",\"@id\":\"https:\/\/picogift.com\/#logo\",\"inLanguage\":\"en-US\",\"url\":\"https:\/\/picogift.com\/wp-content\/uploads\/2022\/07\/0-pico-gift-logo.png\",\"width\":513,\"height\":512,\"caption\":\"Pico Gift\"},\"image\":{\"@id\":\"https:\/\/picogift.com\/#logo\"}},{\"@type\":\"WebSite\",\"@id\":\"https:\/\/picogift.com\/#website\",\"url\":\"https:\/\/picogift.com\/\",\"name\":\"Pico Gift\",\"description\":\"Gi\\u1ea3i Ph\\u00e1p Qu\\u00e0 T\\u1eb7ng Cho Doanh Nghi\\u1ec7p\",\"publisher\":{\"@id\":\"https:\/\/picogift.com\/#organization\"},\"potentialAction\":[{\"@type\":\"SearchAction\",\"target\":\"https:\/\/picogift.com\/?s={search_term_string}\",\"query-input\":\"required name=search_term_string\"}],\"inLanguage\":\"en-US\"},{\"@type\":\"ImageObject\",\"@id\":\"https:\/\/picogift.com\/san-pham\/tra-la-twinnings-earl-grey\/#primaryimage\",\"inLanguage\":\"en-US\",\"url\":\"https:\/\/picogift.com\/wp-content\/uploads\/2025\/12\/Tra-La-Twinnings-Earl-Grey.png\",\"width\":900,\"height\":900},{\"@type\":\"WebPage\",\"@id\":\"https:\/\/picogift.com\/san-pham\/tra-la-twinnings-earl-grey\/#webpage\",\"url\":\"https:\/\/picogift.com\/san-pham\/tra-la-twinnings-earl-grey\/\",\"name\":\"Tr\\u00e0 L\\u00e1 Twinnings Earl Grey - Pico Gift\",\"isPartOf\":{\"@id\":\"https:\/\/picogift.com\/#website\"},\"primaryImageOfPage\":{\"@id\":\"https:\/\/picogift.com\/san-pham\/tra-la-twinnings-earl-grey\/#primaryimage\"},\"datePublished\":\"2025-12-10T15:50:24+00:00\",\"dateModified\":\"2025-12-10T16:04:02+00:00\",\"description\":\"Vang \\u0110\\u1ecf Ph\\u00e1p CRC 1929 Bordeaux\",\"inLanguage\":\"en-US\",\"potentialAction\":[{\"@type\":\"ReadAction\",\"target\":[\"https:\/\/picogift.com\/san-pham\/tra-la-twinnings-earl-grey\/\"]}]}]}<\/script>\n<!-- \/ Yoast SEO Premium plugin. -->","_links":{"self":[{"href":"https:\/\/picogift.com\/en\/wp-json\/wp\/v2\/product\/3041"}],"collection":[{"href":"https:\/\/picogift.com\/en\/wp-json\/wp\/v2\/product"}],"about":[{"href":"https:\/\/picogift.com\/en\/wp-json\/wp\/v2\/types\/product"}],"replies":[{"embeddable":true,"href":"https:\/\/picogift.com\/en\/wp-json\/wp\/v2\/comments?post=3041"}],"version-history":[{"count":1,"href":"https:\/\/picogift.com\/en\/wp-json\/wp\/v2\/product\/3041\/revisions"}],"predecessor-version":[{"id":3043,"href":"https:\/\/picogift.com\/en\/wp-json\/wp\/v2\/product\/3041\/revisions\/3043"}],"wp:featuredmedia":[{"embeddable":true,"href":"https:\/\/picogift.com\/en\/wp-json\/wp\/v2\/media\/3042"}],"wp:attachment":[{"href":"https:\/\/picogift.com\/en\/wp-json\/wp\/v2\/media?parent=3041"}],"wp:term":[{"taxonomy":"product_cat","embeddable":true,"href":"https:\/\/picogift.com\/en\/wp-json\/wp\/v2\/product_cat?post=3041"},{"taxonomy":"product_tag","embeddable":true,"href":"https:\/\/picogift.com\/en\/wp-json\/wp\/v2\/product_tag?post=3041"}],"curies":[{"name":"wp","href":"https:\/\/api.w.org\/{rel}","templated":true}]}}